{"id":9512,"date":"2022-05-17T12:19:46","date_gmt":"2022-05-17T10:19:46","guid":{"rendered":"https:\/\/usasim.net\/?post_type=product&#038;p=9512"},"modified":"2025-04-29T11:16:39","modified_gmt":"2025-04-29T09:16:39","slug":"usa-sim-white-data-only","status":"publish","type":"product","link":"https:\/\/usasim.net\/fr\/produit\/usa-sim-white-data-only\/","title":{"rendered":"SIM BLANC USA DONN\u00c9ES SEULEMENT"},"content":{"rendered":"<h2><strong>USA SIM - BUNDLE WHITE DATA ONLY<\/strong><\/h2>\n<h2><\/h2>\n<h2><span style=\"color: #205faa;\"><strong>R\u00c9SEAU<\/strong><\/span><\/h2>\n<p>Ce forfait fonctionne sur le r\u00e9seau Verizon. <strong>Le r\u00e9seau Verizon offre la meilleure couverture aux \u00c9tats-Unis.<\/strong>M\u00eame dans des endroits o\u00f9 la r\u00e9ception serait faible, par exemple dans les parcs nationaux.<\/p>\n<h2><span style=\"color: #205faa;\"><strong>MON SMARTPHONE OU MA TABLE EST-IL COMPATIBLE AVEC VERIZON ?<\/strong><\/span><\/h2>\n<p><a href=\"https:\/\/www.visible.com\/shop\/compatibility\" target=\"_blank\" rel=\"noopener\">Via ce lien<\/a> vous pouvez v\u00e9rifier la compatibilit\u00e9 de votre appareil.<\/p>\n<h2><span style=\"color: #205faa;\"><strong>DONN\u00c9ES<\/strong><\/span><\/h2>\n<p>Le forfait BLANC DATA ONLY contient des donn\u00e9es illimit\u00e9es (100 Go). Les donn\u00e9es sont \u00e0 la vitesse de la 4G et de la 5G.<\/p>\n<h2><span style=\"color: #205faa;\"><strong>PERIODE<\/strong><\/span><\/h2>\n<p>La carte SIM USA reste valide pendant 30 jours apr\u00e8s son activation. Un 2e mois ou plus est facultatif.<\/p>\n<h2><span style=\"color: #205faa;\"><strong>APPELS \/ TEXTOS<\/strong><\/span><\/h2>\n<p>Cela n'est pas possible avec l'offre group\u00e9e WHITE DATA ONLY.<\/p>\n<h2><span style=\"color: #205faa;\"><strong>HOTSPOT (TETHERING)<\/strong><\/span><\/h2>\n<p>Gr\u00e2ce au tethering, vous pouvez transformer votre smartphone, votre tablette ou votre routeur WiFi en un hotspot. Max 100GB de donn\u00e9es.<\/p>\n<h2><span style=\"color: #205faa;\"><strong>EXP\u00c9DITION<\/strong><\/span><\/h2>\n<p>Une fois que vous avez command\u00e9 la carte SIM, elle vous sera envoy\u00e9e gratuitement dans les 7 jours. C'est urgent ? Choisissez la livraison rapide (3 jours ouvrables) lors du passage \u00e0 la caisse !<\/p>\n<h2><span style=\"color: #205faa;\"><strong>ACTIVIT\u00c9<\/strong><\/span><\/h2>\n<p>La carte SIM sera activ\u00e9e par nos soins un jour avant votre d\u00e9part et restera valide pour une dur\u00e9e totale de 30 jours, sauf si vous avez opt\u00e9 pour un mois suppl\u00e9mentaire.<\/p>\n<h2><span style=\"color: #205faa;\"><strong>COMMENT CELA FONCTIONNE-T-IL ?<\/strong><\/span><\/h2>\n<p>Une fois arriv\u00e9 aux \u00c9tats-Unis, il est pr\u00e9f\u00e9rable d'\u00e9teindre votre smartphone, puis d'ins\u00e9rer la carte SIM. Vous recevrez un message texte avec votre nouveau num\u00e9ro am\u00e9ricain. Votre t\u00e9l\u00e9phone est maintenant pr\u00eat \u00e0 \u00eatre utilis\u00e9.<\/p>\n<p>Les param\u00e8tres de donn\u00e9es sont automatiquement ajust\u00e9s sur votre appareil. Si ce n'est pas le cas, veuillez consulter notre rubrique\u00a0<a href=\"https:\/\/usasim.net\/fr\/faqs\/\">FAQs<\/a>\u00a0pour obtenir les informations correctes.<\/p>\n<p>Vous restez accessible sur tous les m\u00e9dias sociaux et il est m\u00eame possible de rester accessible sur votre num\u00e9ro actuel via Whatsapp. Dans le\u00a0<a href=\"https:\/\/usasim.net\/fr\/faqs\/\">FAQs<\/a>\u00a0est expliqu\u00e9 comment !<\/p>\n<h2><span style=\"color: #205faa;\"><strong>COMMENT APPELER VERS LES PAYS-BAS OU LA BELGIQUE ?<\/strong><\/span><\/h2>\n<p>Vous ne pouvez pas passer d'appels internationaux avec ce forfait. Si cela est important pour vous <a href=\"\/fr\/produit\/usa-sim-gold\/\">vous devez choisir l'offre GOLD<\/a>.<\/p>\n<h2><span style=\"color: #205faa;\"><strong>CARTE SIM<\/strong><\/span><\/h2>\n<p>Vous obtenez une carte SIM 3 en 1.<br \/>\nIl s'agit de cartes SIM universelles, adapt\u00e9es \u00e0 tous les t\u00e9l\u00e9phones mobiles. \u00c0 premi\u00e8re vue, elles semblent avoir la m\u00eame taille qu'une carte SIM standard, mais vous pouvez facilement y glisser une micro ou nano carte SIM.<\/p>\n<h2><span style=\"color: #205faa;\"><strong>COMMENT EST LA COUVERTURE ?<\/strong><\/span><\/h2>\n<p>De toute fa\u00e7on, Verizon a la meilleure couverture de tous les r\u00e9seaux mobiles am\u00e9ricains.<\/p>\n<p>Vous pouvez consulter la couverture de cette offre group\u00e9e en cliquant sur le lien ci-dessous :<\/p>\n<p>https:\/\/www.verizon.com\/coverage-map\/<\/p>\n<p><em>USA Sim ne peut \u00eatre tenu responsable des probl\u00e8mes techniques, de qualit\u00e9 et de compatibilit\u00e9 avec le sim<\/em><\/p>\n<div class=\"in-picture\">\n<p><strong>Commandez un routeur compatible en m\u00eame temps que votre carte SIM.<\/strong><\/p>\n<p><i class=\"fa fa-check\" style=\"color: #32c346;\"><\/i> Routeur WIFI 4G<br \/>\n<i class=\"fa fa-check\" style=\"color: #32c346;\"><\/i> Alcatel MW43TM<br \/>\n<i class=\"fa fa-check\" style=\"color: #32c346;\"><\/i> Livr\u00e9 sans c\u00e2bles<br \/>\n<img decoding=\"async\" src=\"\/wp-content\/uploads\/2022\/08\/alcatel-MW43TM-usasim-980x644.png\" \/><\/p>\n<\/div>","protected":false},"excerpt":{"rendered":"<p>Id\u00e9al pour les personnes qui voyagent et qui souhaitent b\u00e9n\u00e9ficier du Wi-Fi.<\/p>\n<p>Convient uniquement aux routeurs WiFi compatibles, pas aux smartphones.<\/p>\n<p><i class=\"fa fa-check\" style=\"color: #32c346;\"><\/i> R\u00e9seau Verizon<br \/>\n<i class=\"fa fa-check\" style=\"color: #32c346;\"><\/i> Donn\u00e9es illimit\u00e9es (100GB)<br \/>\n<i class=\"fa fa-check\" style=\"color: #32c346;\"><\/i> Valable 1 mois en standard<br \/>\n<i class=\"fa fa-times\" style=\"color: #ec1313;\"><\/i> Appels \/ sms illimit\u00e9s aux \u00c9tats-Unis<br \/>\n<i class=\"fa fa-times\" style=\"color: #ec1313;\"><\/i> SMS illimit\u00e9s dans le monde entier<br \/>\n<i class=\"fa fa-times\" style=\"color: #ec1313;\"><\/i> Disponible comme eSIM<br \/>\n<i class=\"fa fa-check\" style=\"color: #32c346;\"><\/i> Hotspot (tethering) 100GB<br \/>\n<i class=\"fa fa-times\" style=\"color: #ec1313;\"><\/i> Fonctionne \u00e9galement au Canada et au Mexique (limit\u00e9)<br \/>\n<i class=\"fa fa-times\" style=\"color: #ec1313;\"><\/i> Appels illimit\u00e9s vers les num\u00e9ros fixes et mobiles des Pays-Bas et de la Belgique.<\/p>\n<div class=\"in-picture\">\n<p><strong>Commandez un routeur compatible en m\u00eame temps que votre carte SIM.<\/strong><\/p>\n<p><i class=\"fa fa-check\" style=\"color: #32c346;\"><\/i> Routeur WIFI 4G<br \/>\n<i class=\"fa fa-check\" style=\"color: #32c346;\"><\/i> Alcatel MW43TM<br \/>\n<i class=\"fa fa-check\" style=\"color: #32c346;\"><\/i> Livr\u00e9 sans c\u00e2bles<br \/>\n<img decoding=\"async\" src=\"\/wp-content\/uploads\/2022\/08\/alcatel-MW43TM-usasim-980x644.png\" \/><\/p>\n<\/div>","protected":false},"featured_media":75,"comment_status":"open","ping_status":"closed","template":"","meta":{"_et_pb_use_builder":"","_et_pb_old_content":"","_et_gb_content_width":""},"product_brand":[],"product_cat":[40],"product_tag":[],"class_list":{"0":"post-9512","1":"product","2":"type-product","3":"status-publish","4":"has-post-thumbnail","6":"product_cat-simkaart","7":"tm-has-options","9":"first","10":"outofstock","11":"sale","12":"taxable","13":"shipping-taxable","14":"purchasable","15":"product-type-simple"},"yoast_head":"<!-- This site is optimized with the Yoast SEO plugin v27.2 - https:\/\/yoast.com\/product\/yoast-seo-wordpress\/ -->\n<title>USA SIM WHITE DATA ONLY - USA SIM<\/title>\n<meta name=\"robots\" content=\"index, follow, max-snippet:-1, max-image-preview:large, max-video-preview:-1\" \/>\n<link rel=\"canonical\" href=\"https:\/\/usasim.net\/fr\/produit\/usa-sim-white-data-only\/\" \/>\n<meta property=\"og:locale\" content=\"fr_FR\" \/>\n<meta property=\"og:type\" content=\"article\" \/>\n<meta property=\"og:title\" content=\"USA SIM WHITE DATA ONLY - USA SIM\" \/>\n<meta property=\"og:description\" content=\"Ideaal voor mensen die rondtrekken en wifi wensen.  Enkel geschikt voor compatibele wifi routers, niet voor smartphones.   Verizon netwerk  Onbeperkte data (100GB)  Standaard 1 maand geldig  Onbeperkt bellen \/ sms&#039;en in de VS  Onbeperkt sms&#039;en wereldwijd  Beschikbaar als eSIM  Hotspot (tethering) 100GB  Werkt ook in Canada &amp; Mexico (gelimiteerd)  Onbeperkt bellen naar Nederland &amp; Belgi\u00eb vaste en mobiele nummers   Bestel een compatibele router mee met je Simkaart.   4G WIFI Router  Alcatel MW43TM  Komt zonder kabels\" \/>\n<meta property=\"og:url\" content=\"https:\/\/usasim.net\/fr\/produit\/usa-sim-white-data-only\/\" \/>\n<meta property=\"og:site_name\" content=\"USA SIM\" \/>\n<meta property=\"article:publisher\" content=\"https:\/\/www.facebook.com\/usasim.net\" \/>\n<meta property=\"article:modified_time\" content=\"2025-04-29T09:16:39+00:00\" \/>\n<meta property=\"og:image\" content=\"https:\/\/usasim.net\/wp-content\/uploads\/2016\/08\/sim-card-usasim.png\" \/>\n\t<meta property=\"og:image:width\" content=\"500\" \/>\n\t<meta property=\"og:image:height\" content=\"400\" \/>\n\t<meta property=\"og:image:type\" content=\"image\/png\" \/>\n<meta name=\"twitter:card\" content=\"summary_large_image\" \/>\n<meta name=\"twitter:label1\" content=\"Dur\u00e9e de lecture estim\u00e9e\" \/>\n\t<meta name=\"twitter:data1\" content=\"3 minutes\" \/>\n<script type=\"application\/ld+json\" class=\"yoast-schema-graph\">{\"@context\":\"https:\/\/schema.org\",\"@graph\":[{\"@type\":\"WebPage\",\"@id\":\"https:\/\/usasim.net\/product\/usa-sim-white-data-only\/\",\"url\":\"https:\/\/usasim.net\/product\/usa-sim-white-data-only\/\",\"name\":\"USA SIM WHITE DATA ONLY - USA SIM\",\"isPartOf\":{\"@id\":\"https:\/\/usasim.net\/#website\"},\"primaryImageOfPage\":{\"@id\":\"https:\/\/usasim.net\/product\/usa-sim-white-data-only\/#primaryimage\"},\"image\":{\"@id\":\"https:\/\/usasim.net\/product\/usa-sim-white-data-only\/#primaryimage\"},\"thumbnailUrl\":\"https:\/\/usasim.net\/wp-content\/uploads\/2016\/08\/sim-card-usasim.png\",\"datePublished\":\"2022-05-17T10:19:46+00:00\",\"dateModified\":\"2025-04-29T09:16:39+00:00\",\"breadcrumb\":{\"@id\":\"https:\/\/usasim.net\/product\/usa-sim-white-data-only\/#breadcrumb\"},\"inLanguage\":\"fr-FR\",\"potentialAction\":[{\"@type\":\"ReadAction\",\"target\":[\"https:\/\/usasim.net\/product\/usa-sim-white-data-only\/\"]}]},{\"@type\":\"ImageObject\",\"inLanguage\":\"fr-FR\",\"@id\":\"https:\/\/usasim.net\/product\/usa-sim-white-data-only\/#primaryimage\",\"url\":\"https:\/\/usasim.net\/wp-content\/uploads\/2016\/08\/sim-card-usasim.png\",\"contentUrl\":\"https:\/\/usasim.net\/wp-content\/uploads\/2016\/08\/sim-card-usasim.png\",\"width\":500,\"height\":400,\"caption\":\"USA Sim Gold: Simkaart vs kopen\"},{\"@type\":\"BreadcrumbList\",\"@id\":\"https:\/\/usasim.net\/product\/usa-sim-white-data-only\/#breadcrumb\",\"itemListElement\":[{\"@type\":\"ListItem\",\"position\":1,\"name\":\"Home\",\"item\":\"https:\/\/usasim.net\/\"},{\"@type\":\"ListItem\",\"position\":2,\"name\":\"Winkel\",\"item\":\"https:\/\/usasim.net\/winkel\/\"},{\"@type\":\"ListItem\",\"position\":3,\"name\":\"USA SIM WHITE DATA ONLY\"}]},{\"@type\":\"WebSite\",\"@id\":\"https:\/\/usasim.net\/#website\",\"url\":\"https:\/\/usasim.net\/\",\"name\":\"USA SIM\",\"description\":\"Amerikaanse simkaart\",\"potentialAction\":[{\"@type\":\"SearchAction\",\"target\":{\"@type\":\"EntryPoint\",\"urlTemplate\":\"https:\/\/usasim.net\/?s={search_term_string}\"},\"query-input\":{\"@type\":\"PropertyValueSpecification\",\"valueRequired\":true,\"valueName\":\"search_term_string\"}}],\"inLanguage\":\"fr-FR\"}]}<\/script>\n<!-- \/ Yoast SEO plugin. -->","yoast_head_json":{"title":"USA SIM WHITE DATA ONLY - USA SIM","robots":{"index":"index","follow":"follow","max-snippet":"max-snippet:-1","max-image-preview":"max-image-preview:large","max-video-preview":"max-video-preview:-1"},"canonical":"https:\/\/usasim.net\/fr\/produit\/usa-sim-white-data-only\/","og_locale":"fr_FR","og_type":"article","og_title":"USA SIM WHITE DATA ONLY - USA SIM","og_description":"Ideaal voor mensen die rondtrekken en wifi wensen.  Enkel geschikt voor compatibele wifi routers, niet voor smartphones.   Verizon netwerk  Onbeperkte data (100GB)  Standaard 1 maand geldig  Onbeperkt bellen \/ sms'en in de VS  Onbeperkt sms'en wereldwijd  Beschikbaar als eSIM  Hotspot (tethering) 100GB  Werkt ook in Canada &amp; Mexico (gelimiteerd)  Onbeperkt bellen naar Nederland &amp; Belgi\u00eb vaste en mobiele nummers   Bestel een compatibele router mee met je Simkaart.   4G WIFI Router  Alcatel MW43TM  Komt zonder kabels","og_url":"https:\/\/usasim.net\/fr\/produit\/usa-sim-white-data-only\/","og_site_name":"USA SIM","article_publisher":"https:\/\/www.facebook.com\/usasim.net","article_modified_time":"2025-04-29T09:16:39+00:00","og_image":[{"width":500,"height":400,"url":"https:\/\/usasim.net\/wp-content\/uploads\/2016\/08\/sim-card-usasim.png","type":"image\/png"}],"twitter_card":"summary_large_image","twitter_misc":{"Dur\u00e9e de lecture estim\u00e9e":"3 minutes"},"schema":{"@context":"https:\/\/schema.org","@graph":[{"@type":"WebPage","@id":"https:\/\/usasim.net\/product\/usa-sim-white-data-only\/","url":"https:\/\/usasim.net\/product\/usa-sim-white-data-only\/","name":"USA SIM WHITE DATA ONLY - USA SIM","isPartOf":{"@id":"https:\/\/usasim.net\/#website"},"primaryImageOfPage":{"@id":"https:\/\/usasim.net\/product\/usa-sim-white-data-only\/#primaryimage"},"image":{"@id":"https:\/\/usasim.net\/product\/usa-sim-white-data-only\/#primaryimage"},"thumbnailUrl":"https:\/\/usasim.net\/wp-content\/uploads\/2016\/08\/sim-card-usasim.png","datePublished":"2022-05-17T10:19:46+00:00","dateModified":"2025-04-29T09:16:39+00:00","breadcrumb":{"@id":"https:\/\/usasim.net\/product\/usa-sim-white-data-only\/#breadcrumb"},"inLanguage":"fr-FR","potentialAction":[{"@type":"ReadAction","target":["https:\/\/usasim.net\/product\/usa-sim-white-data-only\/"]}]},{"@type":"ImageObject","inLanguage":"fr-FR","@id":"https:\/\/usasim.net\/product\/usa-sim-white-data-only\/#primaryimage","url":"https:\/\/usasim.net\/wp-content\/uploads\/2016\/08\/sim-card-usasim.png","contentUrl":"https:\/\/usasim.net\/wp-content\/uploads\/2016\/08\/sim-card-usasim.png","width":500,"height":400,"caption":"USA Sim Gold: Simkaart vs kopen"},{"@type":"BreadcrumbList","@id":"https:\/\/usasim.net\/product\/usa-sim-white-data-only\/#breadcrumb","itemListElement":[{"@type":"ListItem","position":1,"name":"Home","item":"https:\/\/usasim.net\/"},{"@type":"ListItem","position":2,"name":"Winkel","item":"https:\/\/usasim.net\/winkel\/"},{"@type":"ListItem","position":3,"name":"USA SIM WHITE DATA ONLY"}]},{"@type":"WebSite","@id":"https:\/\/usasim.net\/#website","url":"https:\/\/usasim.net\/","name":"SIM USA","description":"Carte SIM am\u00e9ricaine","potentialAction":[{"@type":"SearchAction","target":{"@type":"EntryPoint","urlTemplate":"https:\/\/usasim.net\/?s={search_term_string}"},"query-input":{"@type":"PropertyValueSpecification","valueRequired":true,"valueName":"search_term_string"}}],"inLanguage":"fr-FR"}]}},"_links":{"self":[{"href":"https:\/\/usasim.net\/fr\/wp-json\/wp\/v2\/product\/9512","targetHints":{"allow":["GET"]}}],"collection":[{"href":"https:\/\/usasim.net\/fr\/wp-json\/wp\/v2\/product"}],"about":[{"href":"https:\/\/usasim.net\/fr\/wp-json\/wp\/v2\/types\/product"}],"replies":[{"embeddable":true,"href":"https:\/\/usasim.net\/fr\/wp-json\/wp\/v2\/comments?post=9512"}],"wp:featuredmedia":[{"embeddable":true,"href":"https:\/\/usasim.net\/fr\/wp-json\/wp\/v2\/media\/75"}],"wp:attachment":[{"href":"https:\/\/usasim.net\/fr\/wp-json\/wp\/v2\/media?parent=9512"}],"wp:term":[{"taxonomy":"product_brand","embeddable":true,"href":"https:\/\/usasim.net\/fr\/wp-json\/wp\/v2\/product_brand?post=9512"},{"taxonomy":"product_cat","embeddable":true,"href":"https:\/\/usasim.net\/fr\/wp-json\/wp\/v2\/product_cat?post=9512"},{"taxonomy":"product_tag","embeddable":true,"href":"https:\/\/usasim.net\/fr\/wp-json\/wp\/v2\/product_tag?post=9512"}],"curies":[{"name":"wp","href":"https:\/\/api.w.org\/{rel}","templated":true}]}}