{"id":9512,"date":"2022-05-17T12:19:46","date_gmt":"2022-05-17T10:19:46","guid":{"rendered":"https:\/\/usasim.net\/?post_type=product&#038;p=9512"},"modified":"2025-04-29T11:16:39","modified_gmt":"2025-04-29T09:16:39","slug":"usa-sim-white-data-only","status":"publish","type":"product","link":"https:\/\/usasim.net\/de\/produkt\/usa-sim-white-data-only\/","title":{"rendered":"USA SIM WHITE DATA ONLY"},"content":{"rendered":"<h2><strong>USA SIM - BUNDLE WEISS NUR DATEN<\/strong><\/h2>\n<h2><\/h2>\n<h2><span style=\"color: #205faa;\"><strong>NETZWERK<\/strong><\/span><\/h2>\n<p>Dieses Bundle funktioniert im Verizon-Netz. <strong>Das Verizon-Netz bietet die beste Abdeckung in den USA<\/strong>Sogar an Orten, an denen man sonst kaum Empfang hat, z. B. in den Nationalparks.<\/p>\n<h2><span style=\"color: #205faa;\"><strong>IST MEIN SMARTPHONE ODER TISCH MIT VERIZON KOMPATIBEL?<\/strong><\/span><\/h2>\n<p><a href=\"https:\/\/www.visible.com\/shop\/compatibility\" target=\"_blank\" rel=\"noopener\">\u00dcber diesen Link<\/a> k\u00f6nnen Sie die Kompatibilit\u00e4t Ihres Ger\u00e4ts \u00fcberpr\u00fcfen.<\/p>\n<h2><span style=\"color: #205faa;\"><strong>DATEN<\/strong><\/span><\/h2>\n<p>Das WHITE DATA ONLY-Paket enth\u00e4lt unbegrenzte Daten (100 GB). Die Daten werden mit 4G- und 5G-Geschwindigkeit \u00fcbertragen.<\/p>\n<h2><span style=\"color: #205faa;\"><strong>PERIOD<\/strong><\/span><\/h2>\n<p>Die USA-SIM bleibt nach der Aktivierung 30 Tage lang g\u00fcltig. Ein 2. Monat oder mehr ist optional.<\/p>\n<h2><span style=\"color: #205faa;\"><strong>ANRUFEN\/SMS SCHREIBEN<\/strong><\/span><\/h2>\n<p>Dies ist mit dem Paket WHITE DATA ONLY nicht m\u00f6glich.<\/p>\n<h2><span style=\"color: #205faa;\"><strong>HOTSPOT (TETHERING)<\/strong><\/span><\/h2>\n<p>\u00dcber Tethering k\u00f6nnen Sie Ihr Smartphone, Tablet oder Ihren WiFi-Router in einen Hotspot verwandeln. Maximal 100 GB Daten.<\/p>\n<h2><span style=\"color: #205faa;\"><strong>SHIPPING<\/strong><\/span><\/h2>\n<p>Nachdem Sie die SIM-Karte bestellt haben, wird sie Ihnen innerhalb von 7 Tagen kostenlos zugeschickt. Ist es dringend? W\u00e4hlen Sie an der Kasse die schnelle Lieferung (3 Arbeitstage)!<\/p>\n<h2><span style=\"color: #205faa;\"><strong>AKTIVIT\u00c4T<\/strong><\/span><\/h2>\n<p>Die SIM-Karte wird einen Tag vor Ihrer Abreise von uns aktiviert und bleibt insgesamt 30 Tage lang g\u00fcltig, es sei denn, Sie haben sich f\u00fcr einen zus\u00e4tzlichen Monat entschieden.<\/p>\n<h2><span style=\"color: #205faa;\"><strong>WIE FUNKTIONIERT DAS?<\/strong><\/span><\/h2>\n<p>Sobald Sie in den USA angekommen sind, schalten Sie Ihr Smartphone am besten aus und legen dann die SIM-Karte ein. Sie erhalten eine Textnachricht mit Ihrer neuen US-Nummer. Ihr Telefon ist jetzt einsatzbereit.<\/p>\n<p>Die Dateneinstellungen werden automatisch auf Ihrem Ger\u00e4t angepasst. Sollte dies nicht der Fall sein, \u00fcberpr\u00fcfen Sie bitte unsere\u00a0<a href=\"https:\/\/usasim.net\/de\/faqs\/\">FAQs<\/a>\u00a0f\u00fcr die richtigen Informationen.<\/p>\n<p>Sie bleiben auf allen sozialen Medien erreichbar und es ist sogar m\u00f6glich, \u00fcber Whatsapp unter Ihrer aktuellen Nummer erreichbar zu bleiben. In der\u00a0<a href=\"https:\/\/usasim.net\/de\/faqs\/\">FAQs<\/a>\u00a0wird erkl\u00e4rt, wie!<\/p>\n<h2><span style=\"color: #205faa;\"><strong>WIE KANN ICH IN DIE NIEDERLANDE ODER NACH BELGIEN ANRUFEN?<\/strong><\/span><\/h2>\n<p>Sie k\u00f6nnen mit diesem Paket keine Auslandsgespr\u00e4che f\u00fchren. Wenn dies f\u00fcr Sie wichtig ist <a href=\"\/de\/produkt\/usa-sim-gold\/\">Sie m\u00fcssen das GOLD-Paket w\u00e4hlen<\/a>.<\/p>\n<h2><span style=\"color: #205faa;\"><strong>SIM-KARTE<\/strong><\/span><\/h2>\n<p>Sie erhalten eine 3-in-1-SIM-Karte.<br \/>\nEs handelt sich um universelle SIM-Karten, die f\u00fcr jedes Mobiltelefon geeignet sind. Auf den ersten Blick scheinen sie die gleiche Gr\u00f6\u00dfe wie eine Standard-SIM-Karte zu haben, aber Sie k\u00f6nnen problemlos eine Micro- oder Nano-SIM-Karte herausquetschen.<\/p>\n<h2><span style=\"color: #205faa;\"><strong>WIE IST DIE ABDECKUNG?<\/strong><\/span><\/h2>\n<p>Verizon hat ohnehin die beste Abdeckung aller amerikanischen Mobilfunknetze.<\/p>\n<p>Sie k\u00f6nnen die Berichterstattung \u00fcber dieses Paket \u00fcber den unten stehenden Link \u00fcberpr\u00fcfen:<\/p>\n<p>https:\/\/www.verizon.com\/coverage-map\/<\/p>\n<p><em>USA Sim kann nicht f\u00fcr technische Probleme, Qualit\u00e4ts- und Kompatibilit\u00e4tsprobleme mit dem Simulator verantwortlich gemacht werden.<\/em><\/p>\n<div class=\"in-picture\">\n<p><strong>Bestellen Sie einen kompatiblen Router zusammen mit Ihrer SIM-Karte.<\/strong><\/p>\n<p><i class=\"fa fa-check\" style=\"color: #32c346;\"><\/i> 4G WIFI-Router<br \/>\n<i class=\"fa fa-check\" style=\"color: #32c346;\"><\/i> Alcatel MW43TM<br \/>\n<i class=\"fa fa-check\" style=\"color: #32c346;\"><\/i> Wird ohne Kabel geliefert<br \/>\n<img decoding=\"async\" src=\"\/wp-content\/uploads\/2022\/08\/alcatel-MW43TM-usasim-980x644.png\" \/><\/p>\n<\/div>","protected":false},"excerpt":{"rendered":"<p>Ideal f\u00fcr Reisende, die Wi-Fi ben\u00f6tigen.<\/p>\n<p>Nur f\u00fcr kompatible WiFi-Router geeignet, nicht f\u00fcr Smartphones.<\/p>\n<p><i class=\"fa fa-check\" style=\"color: #32c346;\"><\/i> Verizon-Netzwerk<br \/>\n<i class=\"fa fa-check\" style=\"color: #32c346;\"><\/i> Unbegrenzte Datenmenge (100 GB)<br \/>\n<i class=\"fa fa-check\" style=\"color: #32c346;\"><\/i> Standardm\u00e4\u00dfig 1 Monat g\u00fcltig<br \/>\n<i class=\"fa fa-times\" style=\"color: #ec1313;\"><\/i> Unbegrenzte Anrufe\/Texte in den USA<br \/>\n<i class=\"fa fa-times\" style=\"color: #ec1313;\"><\/i> Unbegrenzte SMS weltweit<br \/>\n<i class=\"fa fa-times\" style=\"color: #ec1313;\"><\/i> Verf\u00fcgbar als eSIM<br \/>\n<i class=\"fa fa-check\" style=\"color: #32c346;\"><\/i> Hotspot (Tethering) 100 GB<br \/>\n<i class=\"fa fa-times\" style=\"color: #ec1313;\"><\/i> Funktioniert auch in Kanada und Mexiko (eingeschr\u00e4nkt)<br \/>\n<i class=\"fa fa-times\" style=\"color: #ec1313;\"><\/i> Unbegrenzte Anrufe ins niederl\u00e4ndische und belgische Fest- und Mobilfunknetz<\/p>\n<div class=\"in-picture\">\n<p><strong>Bestellen Sie einen kompatiblen Router zusammen mit Ihrer SIM-Karte.<\/strong><\/p>\n<p><i class=\"fa fa-check\" style=\"color: #32c346;\"><\/i> 4G WIFI-Router<br \/>\n<i class=\"fa fa-check\" style=\"color: #32c346;\"><\/i> Alcatel MW43TM<br \/>\n<i class=\"fa fa-check\" style=\"color: #32c346;\"><\/i> Wird ohne Kabel geliefert<br \/>\n<img decoding=\"async\" src=\"\/wp-content\/uploads\/2022\/08\/alcatel-MW43TM-usasim-980x644.png\" \/><\/p>\n<\/div>","protected":false},"featured_media":75,"comment_status":"open","ping_status":"closed","template":"","meta":{"_et_pb_use_builder":"","_et_pb_old_content":"","_et_gb_content_width":""},"product_brand":[],"product_cat":[40],"product_tag":[],"class_list":{"0":"post-9512","1":"product","2":"type-product","3":"status-publish","4":"has-post-thumbnail","6":"product_cat-simkaart","7":"tm-has-options","9":"first","10":"outofstock","11":"sale","12":"taxable","13":"shipping-taxable","14":"purchasable","15":"product-type-simple"},"yoast_head":"<!-- This site is optimized with the Yoast SEO plugin v27.2 - https:\/\/yoast.com\/product\/yoast-seo-wordpress\/ -->\n<title>USA SIM WHITE DATA ONLY - USA SIM<\/title>\n<meta name=\"robots\" content=\"index, follow, max-snippet:-1, max-image-preview:large, max-video-preview:-1\" \/>\n<link rel=\"canonical\" href=\"https:\/\/usasim.net\/de\/produkt\/usa-sim-white-data-only\/\" \/>\n<meta property=\"og:locale\" content=\"de_DE\" \/>\n<meta property=\"og:type\" content=\"article\" \/>\n<meta property=\"og:title\" content=\"USA SIM WHITE DATA ONLY - USA SIM\" \/>\n<meta property=\"og:description\" content=\"Ideaal voor mensen die rondtrekken en wifi wensen.  Enkel geschikt voor compatibele wifi routers, niet voor smartphones.   Verizon netwerk  Onbeperkte data (100GB)  Standaard 1 maand geldig  Onbeperkt bellen \/ sms&#039;en in de VS  Onbeperkt sms&#039;en wereldwijd  Beschikbaar als eSIM  Hotspot (tethering) 100GB  Werkt ook in Canada &amp; Mexico (gelimiteerd)  Onbeperkt bellen naar Nederland &amp; Belgi\u00eb vaste en mobiele nummers   Bestel een compatibele router mee met je Simkaart.   4G WIFI Router  Alcatel MW43TM  Komt zonder kabels\" \/>\n<meta property=\"og:url\" content=\"https:\/\/usasim.net\/de\/produkt\/usa-sim-white-data-only\/\" \/>\n<meta property=\"og:site_name\" content=\"USA SIM\" \/>\n<meta property=\"article:publisher\" content=\"https:\/\/www.facebook.com\/usasim.net\" \/>\n<meta property=\"article:modified_time\" content=\"2025-04-29T09:16:39+00:00\" \/>\n<meta property=\"og:image\" content=\"https:\/\/usasim.net\/wp-content\/uploads\/2016\/08\/sim-card-usasim.png\" \/>\n\t<meta property=\"og:image:width\" content=\"500\" \/>\n\t<meta property=\"og:image:height\" content=\"400\" \/>\n\t<meta property=\"og:image:type\" content=\"image\/png\" \/>\n<meta name=\"twitter:card\" content=\"summary_large_image\" \/>\n<meta name=\"twitter:label1\" content=\"Gesch\u00e4tzte Lesezeit\" \/>\n\t<meta name=\"twitter:data1\" content=\"3\u00a0Minuten\" \/>\n<script type=\"application\/ld+json\" class=\"yoast-schema-graph\">{\"@context\":\"https:\/\/schema.org\",\"@graph\":[{\"@type\":\"WebPage\",\"@id\":\"https:\/\/usasim.net\/product\/usa-sim-white-data-only\/\",\"url\":\"https:\/\/usasim.net\/product\/usa-sim-white-data-only\/\",\"name\":\"USA SIM WHITE DATA ONLY - USA SIM\",\"isPartOf\":{\"@id\":\"https:\/\/usasim.net\/#website\"},\"primaryImageOfPage\":{\"@id\":\"https:\/\/usasim.net\/product\/usa-sim-white-data-only\/#primaryimage\"},\"image\":{\"@id\":\"https:\/\/usasim.net\/product\/usa-sim-white-data-only\/#primaryimage\"},\"thumbnailUrl\":\"https:\/\/usasim.net\/wp-content\/uploads\/2016\/08\/sim-card-usasim.png\",\"datePublished\":\"2022-05-17T10:19:46+00:00\",\"dateModified\":\"2025-04-29T09:16:39+00:00\",\"breadcrumb\":{\"@id\":\"https:\/\/usasim.net\/product\/usa-sim-white-data-only\/#breadcrumb\"},\"inLanguage\":\"de\",\"potentialAction\":[{\"@type\":\"ReadAction\",\"target\":[\"https:\/\/usasim.net\/product\/usa-sim-white-data-only\/\"]}]},{\"@type\":\"ImageObject\",\"inLanguage\":\"de\",\"@id\":\"https:\/\/usasim.net\/product\/usa-sim-white-data-only\/#primaryimage\",\"url\":\"https:\/\/usasim.net\/wp-content\/uploads\/2016\/08\/sim-card-usasim.png\",\"contentUrl\":\"https:\/\/usasim.net\/wp-content\/uploads\/2016\/08\/sim-card-usasim.png\",\"width\":500,\"height\":400,\"caption\":\"USA Sim Gold: Simkaart vs kopen\"},{\"@type\":\"BreadcrumbList\",\"@id\":\"https:\/\/usasim.net\/product\/usa-sim-white-data-only\/#breadcrumb\",\"itemListElement\":[{\"@type\":\"ListItem\",\"position\":1,\"name\":\"Home\",\"item\":\"https:\/\/usasim.net\/\"},{\"@type\":\"ListItem\",\"position\":2,\"name\":\"Winkel\",\"item\":\"https:\/\/usasim.net\/winkel\/\"},{\"@type\":\"ListItem\",\"position\":3,\"name\":\"USA SIM WHITE DATA ONLY\"}]},{\"@type\":\"WebSite\",\"@id\":\"https:\/\/usasim.net\/#website\",\"url\":\"https:\/\/usasim.net\/\",\"name\":\"USA SIM\",\"description\":\"Amerikaanse simkaart\",\"potentialAction\":[{\"@type\":\"SearchAction\",\"target\":{\"@type\":\"EntryPoint\",\"urlTemplate\":\"https:\/\/usasim.net\/?s={search_term_string}\"},\"query-input\":{\"@type\":\"PropertyValueSpecification\",\"valueRequired\":true,\"valueName\":\"search_term_string\"}}],\"inLanguage\":\"de\"}]}<\/script>\n<!-- \/ Yoast SEO plugin. -->","yoast_head_json":{"title":"USA SIM WEISS NUR DATEN - USA SIM","robots":{"index":"index","follow":"follow","max-snippet":"max-snippet:-1","max-image-preview":"max-image-preview:large","max-video-preview":"max-video-preview:-1"},"canonical":"https:\/\/usasim.net\/de\/produkt\/usa-sim-white-data-only\/","og_locale":"de_DE","og_type":"article","og_title":"USA SIM WHITE DATA ONLY - USA SIM","og_description":"Ideaal voor mensen die rondtrekken en wifi wensen.  Enkel geschikt voor compatibele wifi routers, niet voor smartphones.   Verizon netwerk  Onbeperkte data (100GB)  Standaard 1 maand geldig  Onbeperkt bellen \/ sms'en in de VS  Onbeperkt sms'en wereldwijd  Beschikbaar als eSIM  Hotspot (tethering) 100GB  Werkt ook in Canada &amp; Mexico (gelimiteerd)  Onbeperkt bellen naar Nederland &amp; Belgi\u00eb vaste en mobiele nummers   Bestel een compatibele router mee met je Simkaart.   4G WIFI Router  Alcatel MW43TM  Komt zonder kabels","og_url":"https:\/\/usasim.net\/de\/produkt\/usa-sim-white-data-only\/","og_site_name":"USA SIM","article_publisher":"https:\/\/www.facebook.com\/usasim.net","article_modified_time":"2025-04-29T09:16:39+00:00","og_image":[{"width":500,"height":400,"url":"https:\/\/usasim.net\/wp-content\/uploads\/2016\/08\/sim-card-usasim.png","type":"image\/png"}],"twitter_card":"summary_large_image","twitter_misc":{"Gesch\u00e4tzte Lesezeit":"3\u00a0Minuten"},"schema":{"@context":"https:\/\/schema.org","@graph":[{"@type":"WebPage","@id":"https:\/\/usasim.net\/product\/usa-sim-white-data-only\/","url":"https:\/\/usasim.net\/product\/usa-sim-white-data-only\/","name":"USA SIM WEISS NUR DATEN - USA SIM","isPartOf":{"@id":"https:\/\/usasim.net\/#website"},"primaryImageOfPage":{"@id":"https:\/\/usasim.net\/product\/usa-sim-white-data-only\/#primaryimage"},"image":{"@id":"https:\/\/usasim.net\/product\/usa-sim-white-data-only\/#primaryimage"},"thumbnailUrl":"https:\/\/usasim.net\/wp-content\/uploads\/2016\/08\/sim-card-usasim.png","datePublished":"2022-05-17T10:19:46+00:00","dateModified":"2025-04-29T09:16:39+00:00","breadcrumb":{"@id":"https:\/\/usasim.net\/product\/usa-sim-white-data-only\/#breadcrumb"},"inLanguage":"de","potentialAction":[{"@type":"ReadAction","target":["https:\/\/usasim.net\/product\/usa-sim-white-data-only\/"]}]},{"@type":"ImageObject","inLanguage":"de","@id":"https:\/\/usasim.net\/product\/usa-sim-white-data-only\/#primaryimage","url":"https:\/\/usasim.net\/wp-content\/uploads\/2016\/08\/sim-card-usasim.png","contentUrl":"https:\/\/usasim.net\/wp-content\/uploads\/2016\/08\/sim-card-usasim.png","width":500,"height":400,"caption":"USA Sim Gold: Simkaart vs kopen"},{"@type":"BreadcrumbList","@id":"https:\/\/usasim.net\/product\/usa-sim-white-data-only\/#breadcrumb","itemListElement":[{"@type":"ListItem","position":1,"name":"Home","item":"https:\/\/usasim.net\/"},{"@type":"ListItem","position":2,"name":"Winkel","item":"https:\/\/usasim.net\/winkel\/"},{"@type":"ListItem","position":3,"name":"USA SIM WHITE DATA ONLY"}]},{"@type":"WebSite","@id":"https:\/\/usasim.net\/#website","url":"https:\/\/usasim.net\/","name":"USA SIM","description":"Amerikanische SIM-Karte","potentialAction":[{"@type":"SearchAction","target":{"@type":"EntryPoint","urlTemplate":"https:\/\/usasim.net\/?s={search_term_string}"},"query-input":{"@type":"PropertyValueSpecification","valueRequired":true,"valueName":"search_term_string"}}],"inLanguage":"de"}]}},"_links":{"self":[{"href":"https:\/\/usasim.net\/de\/wp-json\/wp\/v2\/product\/9512","targetHints":{"allow":["GET"]}}],"collection":[{"href":"https:\/\/usasim.net\/de\/wp-json\/wp\/v2\/product"}],"about":[{"href":"https:\/\/usasim.net\/de\/wp-json\/wp\/v2\/types\/product"}],"replies":[{"embeddable":true,"href":"https:\/\/usasim.net\/de\/wp-json\/wp\/v2\/comments?post=9512"}],"wp:featuredmedia":[{"embeddable":true,"href":"https:\/\/usasim.net\/de\/wp-json\/wp\/v2\/media\/75"}],"wp:attachment":[{"href":"https:\/\/usasim.net\/de\/wp-json\/wp\/v2\/media?parent=9512"}],"wp:term":[{"taxonomy":"product_brand","embeddable":true,"href":"https:\/\/usasim.net\/de\/wp-json\/wp\/v2\/product_brand?post=9512"},{"taxonomy":"product_cat","embeddable":true,"href":"https:\/\/usasim.net\/de\/wp-json\/wp\/v2\/product_cat?post=9512"},{"taxonomy":"product_tag","embeddable":true,"href":"https:\/\/usasim.net\/de\/wp-json\/wp\/v2\/product_tag?post=9512"}],"curies":[{"name":"wp","href":"https:\/\/api.w.org\/{rel}","templated":true}]}}