{"id":4716,"date":"2017-07-10T20:33:28","date_gmt":"2017-07-10T20:33:28","guid":{"rendered":"https:\/\/usasim.webmatic.be\/?post_type=product&#038;p=4716"},"modified":"2025-04-29T11:16:39","modified_gmt":"2025-04-29T09:16:39","slug":"usa-sim-blau-2","status":"publish","type":"product","link":"https:\/\/usasim.net\/de\/produkt\/usa-sim-blau-2\/","title":{"rendered":"USA SIM BLUE"},"content":{"rendered":"<h2><strong>USA SIM - B\u00dcNDEL BLAU<\/strong><\/h2>\n<h2><\/h2>\n<h2><span style=\"color: #205faa;\"><strong>NETZWERK<\/strong><\/span><\/h2>\n<p>Dieses Paket wird \u00fcber das AT&amp;T-Netz betrieben.<\/p>\n<h2><span style=\"color: #205faa;\"><strong>IST MEIN SMARTPHONE ODER TABLET MIT AT&amp;T KOMPATIBEL?<\/strong><\/span><\/h2>\n<p><a href=\"https:\/\/www.att.com\/idpassets\/images\/support\/pdf\/Devices-Working-on-ATT-Network.pdf\" target=\"_blank\" rel=\"noopener\">\u00dcber diesen Link<\/a> k\u00f6nnen Sie die Kompatibilit\u00e4t Ihres Ger\u00e4ts \u00fcberpr\u00fcfen.<\/p>\n<h2><span style=\"color: #205faa;\"><strong>DATEN<\/strong><\/span><\/h2>\n<p>Das Blue-Paket enth\u00e4lt unbegrenzte Daten. Die Daten werden mit 4G-Geschwindigkeit \u00fcbertragen, wenn Sie Ihr Datenpaket \u00fcberschreiten, wird die Geschwindigkeit auf 128 Kbps begrenzt.<\/p>\n<h2><span style=\"color: #205faa;\"><strong>PERIOD<\/strong><\/span><\/h2>\n<p>Die USA-SIM bleibt nach der Aktivierung 30 Tage lang g\u00fcltig. Ein 2. Monat ist fakultativ.<\/p>\n<h2><span style=\"color: #205faa;\"><strong>ANRUFEN\/SMS SCHREIBEN<\/strong><\/span><\/h2>\n<p>Sie k\u00f6nnen\u00a0<strong>unbegrenzter Aufruf<\/strong> zu<b>:<\/b><\/p>\n<p><i class=\"fa fa-check\" style=\"color: #32c346;\"><\/i> Alle amerikanischen Nummern<\/p>\n<p>Sie k\u00f6nnen <strong>unbegrenzte Textnachrichten<\/strong> zu allen Zahlen <strong>weltweit<\/strong>.<\/p>\n<h2><span style=\"color: #205faa;\"><strong>SHIPPING<\/strong><\/span><\/h2>\n<p>Nachdem Sie die SIM-Karte bestellt haben, wird sie Ihnen innerhalb von 7 Tagen kostenlos zugeschickt. Ist es dringend? W\u00e4hlen Sie an der Kasse die schnelle Lieferung (3 Arbeitstage)!<\/p>\n<h2><span style=\"color: #205faa;\"><strong>AKTIVIT\u00c4T<\/strong><\/span><\/h2>\n<p>Die SIM-Karte wird einen Tag vor Ihrer Abreise von uns aktiviert und bleibt insgesamt 30 Tage lang g\u00fcltig, es sei denn, Sie haben sich f\u00fcr einen zus\u00e4tzlichen Monat entschieden.<\/p>\n<h2><span style=\"color: #205faa;\"><strong>WIE FUNKTIONIERT DAS?<\/strong><\/span><\/h2>\n<p>Sobald Sie in den USA angekommen sind, schalten Sie Ihr Smartphone am besten aus und legen dann die SIM-Karte ein. Sie erhalten eine Textnachricht mit Ihrer neuen US-Nummer. Ihr Telefon ist jetzt einsatzbereit.<\/p>\n<p>Die Dateneinstellungen werden automatisch auf Ihrem Ger\u00e4t angepasst. Sollte dies nicht der Fall sein, \u00fcberpr\u00fcfen Sie bitte unsere\u00a0<a href=\"https:\/\/usasim.net\/de\/faqs\/\">FAQs<\/a>\u00a0f\u00fcr die richtigen Informationen.<\/p>\n<p>Sie bleiben auf allen sozialen Medien erreichbar und es ist sogar m\u00f6glich, \u00fcber Whatsapp unter Ihrer aktuellen Nummer erreichbar zu bleiben. In der\u00a0<a href=\"https:\/\/usasim.net\/de\/faqs\/\">FAQs<\/a>\u00a0wird erkl\u00e4rt, wie!<\/p>\n<h2><span style=\"color: #205faa;\"><strong>SIM-KARTE<\/strong><\/span><\/h2>\n<p>Sie erhalten eine 3-in-1-SIM-Karte oder eine eSIM.<br \/>\nEs handelt sich um universelle SIM-Karten, die f\u00fcr jedes Mobiltelefon geeignet sind. Auf den ersten Blick scheinen sie die gleiche Gr\u00f6\u00dfe wie eine Standard-SIM-Karte zu haben, aber Sie k\u00f6nnen problemlos eine Micro- oder Nano-SIM-Karte herausquetschen.<\/p>\n<h2><span style=\"color: #205faa;\"><strong>WIE IST DIE ABDECKUNG?<\/strong><\/span><\/h2>\n<p>Das Mobilfunknetz mit Sendemasten ist in den USA nicht so umfangreich wie in den Niederlanden und Belgien. Die Abdeckung, insbesondere in den entlegenen Gebieten, ist daher geringer als wir es gewohnt sind.<br \/>\n<a href=\"https:\/\/www.att.com\/maps\/wireless-coverage.html\" target=\"_blank\" rel=\"noopener\">Sehen Sie sich die Berichterstattung \u00fcber dieses Paket hier an<\/a>.<\/p>\n<p><em>USA Sim kann nicht f\u00fcr technische Probleme, Qualit\u00e4ts- und Kompatibilit\u00e4tsprobleme mit dem Simulator verantwortlich gemacht werden.<\/em><\/p>","protected":false},"excerpt":{"rendered":"<p><i class=\"fa fa-check\" style=\"color: #32c346;\"><\/i> AT&amp;T-Netzwerk<br \/>\n<i class=\"fa fa-check\" style=\"color: #32c346;\"><\/i> Unbegrenzte Daten<br \/>\n<i class=\"fa fa-check\" style=\"color: #32c346;\"><\/i> G\u00fcltig f\u00fcr 30 Tage<br \/>\n<i class=\"fa fa-check\" style=\"color: #32c346;\"><\/i> Unbegrenzte Anrufe\/Texte in den USA<br \/>\n<i class=\"fa fa-check\" style=\"color: #32c346;\"><\/i> Unbegrenzte SMS weltweit<br \/>\n<i class=\"fa fa-times\" style=\"color: #ec1313;\"><\/i> Unbegrenzte Anrufe ins niederl\u00e4ndische und belgische Fest- und Mobilfunknetz<br \/>\n<i class=\"fa fa-check\" style=\"color: #32c346;\"><\/i> Verf\u00fcgbar als eSIM<br \/>\n<i class=\"fa fa-times\" style=\"color: #ec1313;\"><\/i> Hotspot (Tethering)<br \/>\n<i class=\"fa fa-check\" style=\"color: #32c346;\"><\/i> Funktioniert auch in Kanada und Mexiko<\/p>","protected":false},"featured_media":75,"comment_status":"open","ping_status":"closed","template":"","meta":{"_et_pb_use_builder":"","_et_pb_old_content":"","_et_gb_content_width":""},"product_brand":[],"product_cat":[40],"product_tag":[],"class_list":{"0":"post-4716","1":"product","2":"type-product","3":"status-publish","4":"has-post-thumbnail","6":"product_cat-simkaart","7":"tm-has-options","9":"first","10":"outofstock","11":"sale","12":"taxable","13":"shipping-taxable","14":"purchasable","15":"product-type-simple"},"yoast_head":"<!-- This site is optimized with the Yoast SEO plugin v27.3 - https:\/\/yoast.com\/product\/yoast-seo-wordpress\/ -->\n<title>USA SIM BLUE - USA SIM<\/title>\n<meta name=\"robots\" content=\"index, follow, max-snippet:-1, max-image-preview:large, max-video-preview:-1\" \/>\n<link rel=\"canonical\" href=\"https:\/\/usasim.net\/de\/produkt\/usa-sim-blau-2\/\" \/>\n<meta property=\"og:locale\" content=\"de_DE\" \/>\n<meta property=\"og:type\" content=\"article\" \/>\n<meta property=\"og:title\" content=\"USA SIM BLUE - USA SIM\" \/>\n<meta property=\"og:description\" content=\"AT&amp;T Netwerk  Onbeperkte data  30 dagen geldig  Onbeperkt bellen \/ sms&#039;en in de VS  Onbeperkt sms&#039;en wereldwijd  Onbeperkt bellen naar Nederland &amp; Belgi\u00eb vaste en mobiele nummers  Beschikbaar als eSIM  Hotspot (tethering)  Werkt ook in Canada &amp; Mexico\" \/>\n<meta property=\"og:url\" content=\"https:\/\/usasim.net\/de\/produkt\/usa-sim-blau-2\/\" \/>\n<meta property=\"og:site_name\" content=\"USA SIM\" \/>\n<meta property=\"article:publisher\" content=\"https:\/\/www.facebook.com\/usasim.net\" \/>\n<meta property=\"article:modified_time\" content=\"2025-04-29T09:16:39+00:00\" \/>\n<meta property=\"og:image\" content=\"https:\/\/usasim.net\/wp-content\/uploads\/2016\/08\/sim-card-usasim.png\" \/>\n\t<meta property=\"og:image:width\" content=\"500\" \/>\n\t<meta property=\"og:image:height\" content=\"400\" \/>\n\t<meta property=\"og:image:type\" content=\"image\/png\" \/>\n<meta name=\"twitter:card\" content=\"summary_large_image\" \/>\n<meta name=\"twitter:label1\" content=\"Gesch\u00e4tzte Lesezeit\" \/>\n\t<meta name=\"twitter:data1\" content=\"2\u00a0Minuten\" \/>\n<script type=\"application\/ld+json\" class=\"yoast-schema-graph\">{\"@context\":\"https:\\\/\\\/schema.org\",\"@graph\":[{\"@type\":\"WebPage\",\"@id\":\"https:\\\/\\\/usasim.net\\\/product\\\/usa-sim-blue-3\\\/\",\"url\":\"https:\\\/\\\/usasim.net\\\/product\\\/usa-sim-blue-3\\\/\",\"name\":\"USA SIM BLUE - USA SIM\",\"isPartOf\":{\"@id\":\"https:\\\/\\\/usasim.net\\\/#website\"},\"primaryImageOfPage\":{\"@id\":\"https:\\\/\\\/usasim.net\\\/product\\\/usa-sim-blue-3\\\/#primaryimage\"},\"image\":{\"@id\":\"https:\\\/\\\/usasim.net\\\/product\\\/usa-sim-blue-3\\\/#primaryimage\"},\"thumbnailUrl\":\"https:\\\/\\\/usasim.net\\\/wp-content\\\/uploads\\\/2016\\\/08\\\/sim-card-usasim.png\",\"datePublished\":\"2017-07-10T20:33:28+00:00\",\"dateModified\":\"2025-04-29T09:16:39+00:00\",\"breadcrumb\":{\"@id\":\"https:\\\/\\\/usasim.net\\\/product\\\/usa-sim-blue-3\\\/#breadcrumb\"},\"inLanguage\":\"de\",\"potentialAction\":[{\"@type\":\"ReadAction\",\"target\":[\"https:\\\/\\\/usasim.net\\\/product\\\/usa-sim-blue-3\\\/\"]}]},{\"@type\":\"ImageObject\",\"inLanguage\":\"de\",\"@id\":\"https:\\\/\\\/usasim.net\\\/product\\\/usa-sim-blue-3\\\/#primaryimage\",\"url\":\"https:\\\/\\\/usasim.net\\\/wp-content\\\/uploads\\\/2016\\\/08\\\/sim-card-usasim.png\",\"contentUrl\":\"https:\\\/\\\/usasim.net\\\/wp-content\\\/uploads\\\/2016\\\/08\\\/sim-card-usasim.png\",\"width\":500,\"height\":400,\"caption\":\"USA Sim Gold: Simkaart vs kopen\"},{\"@type\":\"BreadcrumbList\",\"@id\":\"https:\\\/\\\/usasim.net\\\/product\\\/usa-sim-blue-3\\\/#breadcrumb\",\"itemListElement\":[{\"@type\":\"ListItem\",\"position\":1,\"name\":\"Home\",\"item\":\"https:\\\/\\\/usasim.net\\\/\"},{\"@type\":\"ListItem\",\"position\":2,\"name\":\"Winkel\",\"item\":\"https:\\\/\\\/usasim.net\\\/winkel\\\/\"},{\"@type\":\"ListItem\",\"position\":3,\"name\":\"USA SIM BLUE\"}]},{\"@type\":\"WebSite\",\"@id\":\"https:\\\/\\\/usasim.net\\\/#website\",\"url\":\"https:\\\/\\\/usasim.net\\\/\",\"name\":\"USA SIM\",\"description\":\"Amerikaanse simkaart\",\"potentialAction\":[{\"@type\":\"SearchAction\",\"target\":{\"@type\":\"EntryPoint\",\"urlTemplate\":\"https:\\\/\\\/usasim.net\\\/?s={search_term_string}\"},\"query-input\":{\"@type\":\"PropertyValueSpecification\",\"valueRequired\":true,\"valueName\":\"search_term_string\"}}],\"inLanguage\":\"de\"}]}<\/script>\n<!-- \/ Yoast SEO plugin. -->","yoast_head_json":{"title":"USA SIM BLAU - USA SIM","robots":{"index":"index","follow":"follow","max-snippet":"max-snippet:-1","max-image-preview":"max-image-preview:large","max-video-preview":"max-video-preview:-1"},"canonical":"https:\/\/usasim.net\/de\/produkt\/usa-sim-blau-2\/","og_locale":"de_DE","og_type":"article","og_title":"USA SIM BLUE - USA SIM","og_description":"AT&amp;T Netwerk  Onbeperkte data  30 dagen geldig  Onbeperkt bellen \/ sms'en in de VS  Onbeperkt sms'en wereldwijd  Onbeperkt bellen naar Nederland &amp; Belgi\u00eb vaste en mobiele nummers  Beschikbaar als eSIM  Hotspot (tethering)  Werkt ook in Canada &amp; Mexico","og_url":"https:\/\/usasim.net\/de\/produkt\/usa-sim-blau-2\/","og_site_name":"USA SIM","article_publisher":"https:\/\/www.facebook.com\/usasim.net","article_modified_time":"2025-04-29T09:16:39+00:00","og_image":[{"width":500,"height":400,"url":"https:\/\/usasim.net\/wp-content\/uploads\/2016\/08\/sim-card-usasim.png","type":"image\/png"}],"twitter_card":"summary_large_image","twitter_misc":{"Gesch\u00e4tzte Lesezeit":"2\u00a0Minuten"},"schema":{"@context":"https:\/\/schema.org","@graph":[{"@type":"WebPage","@id":"https:\/\/usasim.net\/product\/usa-sim-blue-3\/","url":"https:\/\/usasim.net\/product\/usa-sim-blue-3\/","name":"USA SIM BLAU - USA SIM","isPartOf":{"@id":"https:\/\/usasim.net\/#website"},"primaryImageOfPage":{"@id":"https:\/\/usasim.net\/product\/usa-sim-blue-3\/#primaryimage"},"image":{"@id":"https:\/\/usasim.net\/product\/usa-sim-blue-3\/#primaryimage"},"thumbnailUrl":"https:\/\/usasim.net\/wp-content\/uploads\/2016\/08\/sim-card-usasim.png","datePublished":"2017-07-10T20:33:28+00:00","dateModified":"2025-04-29T09:16:39+00:00","breadcrumb":{"@id":"https:\/\/usasim.net\/product\/usa-sim-blue-3\/#breadcrumb"},"inLanguage":"de","potentialAction":[{"@type":"ReadAction","target":["https:\/\/usasim.net\/product\/usa-sim-blue-3\/"]}]},{"@type":"ImageObject","inLanguage":"de","@id":"https:\/\/usasim.net\/product\/usa-sim-blue-3\/#primaryimage","url":"https:\/\/usasim.net\/wp-content\/uploads\/2016\/08\/sim-card-usasim.png","contentUrl":"https:\/\/usasim.net\/wp-content\/uploads\/2016\/08\/sim-card-usasim.png","width":500,"height":400,"caption":"USA Sim Gold: Simkaart vs kopen"},{"@type":"BreadcrumbList","@id":"https:\/\/usasim.net\/product\/usa-sim-blue-3\/#breadcrumb","itemListElement":[{"@type":"ListItem","position":1,"name":"Home","item":"https:\/\/usasim.net\/"},{"@type":"ListItem","position":2,"name":"Winkel","item":"https:\/\/usasim.net\/winkel\/"},{"@type":"ListItem","position":3,"name":"USA SIM BLUE"}]},{"@type":"WebSite","@id":"https:\/\/usasim.net\/#website","url":"https:\/\/usasim.net\/","name":"USA SIM","description":"Amerikanische SIM-Karte","potentialAction":[{"@type":"SearchAction","target":{"@type":"EntryPoint","urlTemplate":"https:\/\/usasim.net\/?s={search_term_string}"},"query-input":{"@type":"PropertyValueSpecification","valueRequired":true,"valueName":"search_term_string"}}],"inLanguage":"de"}]}},"_links":{"self":[{"href":"https:\/\/usasim.net\/de\/wp-json\/wp\/v2\/product\/4716","targetHints":{"allow":["GET"]}}],"collection":[{"href":"https:\/\/usasim.net\/de\/wp-json\/wp\/v2\/product"}],"about":[{"href":"https:\/\/usasim.net\/de\/wp-json\/wp\/v2\/types\/product"}],"replies":[{"embeddable":true,"href":"https:\/\/usasim.net\/de\/wp-json\/wp\/v2\/comments?post=4716"}],"wp:featuredmedia":[{"embeddable":true,"href":"https:\/\/usasim.net\/de\/wp-json\/wp\/v2\/media\/75"}],"wp:attachment":[{"href":"https:\/\/usasim.net\/de\/wp-json\/wp\/v2\/media?parent=4716"}],"wp:term":[{"taxonomy":"product_brand","embeddable":true,"href":"https:\/\/usasim.net\/de\/wp-json\/wp\/v2\/product_brand?post=4716"},{"taxonomy":"product_cat","embeddable":true,"href":"https:\/\/usasim.net\/de\/wp-json\/wp\/v2\/product_cat?post=4716"},{"taxonomy":"product_tag","embeddable":true,"href":"https:\/\/usasim.net\/de\/wp-json\/wp\/v2\/product_tag?post=4716"}],"curies":[{"name":"wp","href":"https:\/\/api.w.org\/{rel}","templated":true}]}}