{"id":16175,"date":"2025-09-09T01:47:37","date_gmt":"2025-09-08T23:47:37","guid":{"rendered":"https:\/\/usasim.net\/?page_id=16175"},"modified":"2026-01-16T16:07:22","modified_gmt":"2026-01-16T15:07:22","slug":"abdeckung","status":"publish","type":"page","link":"https:\/\/usasim.net\/de\/abdeckung\/","title":{"rendered":"Erfassungsbereich"},"content":{"rendered":"<p>[et_pb_section fb_built=&#8221;1&#8243; custom_padding_last_edited=&#8221;on|desktop&#8221; admin_label=&#8221;section&#8221; _builder_version=&#8221;4.16&#8243; background_color=&#8221;#205faa&#8221; custom_padding_tablet=&#8221;50px|0|50px|0&#8243; custom_padding_phone=&#8221;&#8221; transparent_background=&#8221;off&#8221; padding_mobile=&#8221;off&#8221; make_fullwidth=&#8221;off&#8221; use_custom_width=&#8221;off&#8221; width_unit=&#8221;on&#8221; locked=&#8221;off&#8221; global_colors_info=&#8221;{}&#8221;][et_pb_row column_structure=&#8221;1_2,1_2&#8243; admin_label=&#8221;row&#8221; _builder_version=&#8221;4.16&#8243; global_colors_info=&#8221;{}&#8221;][et_pb_column type=&#8221;1_2&#8243; _builder_version=&#8221;4.16&#8243; custom_padding=&#8221;|||&#8221; global_colors_info=&#8221;{}&#8221; custom_padding__hover=&#8221;|||&#8221;][et_pb_text _builder_version=&#8221;4.27.4&#8243; text_font=&#8221;Montserrat|on|||&#8221; text_text_color=&#8221;#ffffff&#8221; text_font_size=&#8221;40&#8243; text_line_height=&#8221;1.2em&#8221; header_text_color=&#8221;#FFFFFF&#8221; background_size=&#8221;initial&#8221; background_position=&#8221;top_left&#8221; background_repeat=&#8221;repeat&#8221; text_font_size_tablet=&#8221;35&#8243; text_font_size_phone=&#8221;32&#8243; text_font_size_last_edited=&#8221;on|phone&#8221; use_border_color=&#8221;off&#8221; border_color=&#8221;#ffffff&#8221; border_style=&#8221;solid&#8221; global_colors_info=&#8221;{}&#8221;]<\/p>\n<h1><span style=\"font-weight: 400;\">Simkaart &amp; eSIM Amerika Netwerks Dekking: T-Mobile, en Moore<\/span><\/h1>\n<p>[\/et_pb_text][et_pb_text _builder_version=&#8221;4.27.4&#8243; text_text_color=&#8221;#ffffff&#8221; text_font_size=&#8221;20&#8243; background_size=&#8221;initial&#8221; background_position=&#8221;top_left&#8221; background_repeat=&#8221;repeat&#8221; hover_enabled=&#8221;0&#8243; use_border_color=&#8221;off&#8221; border_color=&#8221;#ffffff&#8221; border_style=&#8221;solid&#8221; global_colors_info=&#8221;{}&#8221; link_text_color=&#8221;#FFFFFF&#8221; sticky_enabled=&#8221;0&#8243;]<\/p>\n<p><span style=\"font-weight: 400;\">Reist u naar de Verenigde Staten en wilt u altijd verbonden blijven? <a href=\"https:\/\/usasim.net\/\" target=\"_blank\" rel=\"noopener\">Bij <\/a><\/span><span style=\"text-decoration: underline;\"><a href=\"https:\/\/usasim.net\/\" target=\"_blank\" rel=\"noopener\"><b>USASIM<\/b><\/a><\/span><span style=\"font-weight: 400;\"> bieden wij betrouwbare eSIM en fysieke SIM-kaarten met uitstekende <\/span><b>t mobile dekking<\/b><span style=\"font-weight: 400;\">, <\/span><b>dekking AT&amp;T USA<\/b><span style=\"font-weight: 400;\"> en de kracht van het Verizon-netwerk. Zo bent u verzekerd van stabiele verbindingen, of u nu steden bezoekt of afgelegen gebieden verkent.<\/span><\/p>\n<p>[\/et_pb_text][et_pb_button button_url=&#8221;https:\/\/usasim.net\/contact\/&#8221; url_new_window=&#8221;on&#8221; button_text=&#8221;KIES JE USA eSIM BUNDEL&#8221; button_alignment=&#8221;left&#8221; _builder_version=&#8221;4.27.4&#8243; custom_button=&#8221;on&#8221; button_text_size=&#8221;17&#8243; button_text_color=&#8221;#ffffff&#8221; button_bg_color=&#8221;#dd2c26&#8243; button_border_color=&#8221;#dd2c26&#8243; button_font=&#8221;Montserrat||||&#8221; background_layout=&#8221;dark&#8221; locked=&#8221;off&#8221; global_colors_info=&#8221;{}&#8221; button_text_size__hover_enabled=&#8221;off&#8221; button_text_size__hover=&#8221;null&#8221; button_one_text_size__hover_enabled=&#8221;off&#8221; button_one_text_size__hover=&#8221;null&#8221; button_two_text_size__hover_enabled=&#8221;off&#8221; button_two_text_size__hover=&#8221;null&#8221; button_text_color__hover_enabled=&#8221;off&#8221; button_text_color__hover=&#8221;null&#8221; button_one_text_color__hover_enabled=&#8221;off&#8221; button_one_text_color__hover=&#8221;null&#8221; button_two_text_color__hover_enabled=&#8221;off&#8221; button_two_text_color__hover=&#8221;null&#8221; button_border_width__hover_enabled=&#8221;off&#8221; button_border_width__hover=&#8221;null&#8221; button_one_border_width__hover_enabled=&#8221;off&#8221; button_one_border_width__hover=&#8221;null&#8221; button_two_border_width__hover_enabled=&#8221;off&#8221; button_two_border_width__hover=&#8221;null&#8221; button_border_color__hover_enabled=&#8221;off&#8221; button_border_color__hover=&#8221;null&#8221; button_one_border_color__hover_enabled=&#8221;off&#8221; button_one_border_color__hover=&#8221;null&#8221; button_two_border_color__hover_enabled=&#8221;off&#8221; button_two_border_color__hover=&#8221;null&#8221; button_border_radius__hover_enabled=&#8221;off&#8221; button_border_radius__hover=&#8221;null&#8221; button_one_border_radius__hover_enabled=&#8221;off&#8221; button_one_border_radius__hover=&#8221;null&#8221; button_two_border_radius__hover_enabled=&#8221;off&#8221; button_two_border_radius__hover=&#8221;null&#8221; button_letter_spacing__hover_enabled=&#8221;off&#8221; button_letter_spacing__hover=&#8221;null&#8221; button_one_letter_spacing__hover_enabled=&#8221;off&#8221; button_one_letter_spacing__hover=&#8221;null&#8221; button_two_letter_spacing__hover_enabled=&#8221;off&#8221; button_two_letter_spacing__hover=&#8221;null&#8221; button_bg_color__hover_enabled=&#8221;off&#8221; button_bg_color__hover=&#8221;null&#8221; button_one_bg_color__hover_enabled=&#8221;off&#8221; button_one_bg_color__hover=&#8221;null&#8221; button_two_bg_color__hover_enabled=&#8221;off&#8221; button_two_bg_color__hover=&#8221;null&#8221;][\/et_pb_button][\/et_pb_column][et_pb_column type=&#8221;1_2&#8243; _builder_version=&#8221;4.27.4&#8243; _module_preset=&#8221;default&#8221; global_colors_info=&#8221;{}&#8221;][et_pb_image src=&#8221;https:\/\/usasim.net\/wp-content\/uploads\/2025\/09\/Netwerks-dekking-in-Amerika-1.png&#8221; alt=&#8221;Netwerks dekking in Amerika<br \/>\n&#8221; title_text=&#8221;Netwerks dekking in Amerika&#8221; _builder_version=&#8221;4.27.4&#8243; _module_preset=&#8221;default&#8221; global_colors_info=&#8221;{}&#8221;][\/et_pb_image][\/et_pb_column][\/et_pb_row][\/et_pb_section][et_pb_section fb_built=&#8221;1&#8243; _builder_version=&#8221;4.27.4&#8243; _module_preset=&#8221;default&#8221; global_colors_info=&#8221;{}&#8221;][et_pb_row _builder_version=&#8221;4.27.4&#8243; _module_preset=&#8221;default&#8221; global_colors_info=&#8221;{}&#8221;][et_pb_column type=&#8221;4_4&#8243; _builder_version=&#8221;4.27.4&#8243; _module_preset=&#8221;default&#8221; global_colors_info=&#8221;{}&#8221;][et_pb_heading title=&#8221;Populaire Reisbestemmingen Die We Behandelen&#8221; _builder_version=&#8221;4.27.4&#8243; _module_preset=&#8221;default&#8221; title_level=&#8221;h2&#8243; title_text_align=&#8221;center&#8221; global_colors_info=&#8221;{}&#8221;][\/et_pb_heading][\/et_pb_column][\/et_pb_row][et_pb_row _builder_version=&#8221;4.27.4&#8243; _module_preset=&#8221;default&#8221; global_colors_info=&#8221;{}&#8221;][et_pb_column type=&#8221;4_4&#8243; _builder_version=&#8221;4.27.4&#8243; _module_preset=&#8221;default&#8221; global_colors_info=&#8221;{}&#8221;][et_pb_text _builder_version=&#8221;4.27.4&#8243; _module_preset=&#8221;default&#8221; global_colors_info=&#8221;{}&#8221;]<\/p>\n<p><span style=\"font-weight: 400;\">Onze dekking strekt zich uit tot de meest bezochte bestemmingen in de VS. Denk aan New York, Los Angeles, Miami, Las Vegas, Orlando, San Francisco en Chicago. Of u nu door nationale parken reist, langs de kust rijdt of zaken doet in grote steden, onze simkaarten zorgen voor een stabiele verbinding.<\/span><\/p>\n<p>[\/et_pb_text][\/et_pb_column][\/et_pb_row][\/et_pb_section][et_pb_section fb_built=&#8221;1&#8243; _builder_version=&#8221;4.27.4&#8243; _module_preset=&#8221;default&#8221; global_colors_info=&#8221;{}&#8221;][et_pb_row column_structure=&#8221;1_2,1_2&#8243; _builder_version=&#8221;4.27.4&#8243; _module_preset=&#8221;default&#8221; global_colors_info=&#8221;{}&#8221;][et_pb_column type=&#8221;1_2&#8243; _builder_version=&#8221;4.27.4&#8243; _module_preset=&#8221;default&#8221; global_colors_info=&#8221;{}&#8221;][et_pb_text _builder_version=&#8221;4.27.4&#8243; _module_preset=&#8221;default&#8221; global_colors_info=&#8221;{}&#8221;]<\/p>\n<h2>Landelijke Dekking Met Topnetwerken<\/h2>\n<p><span style=\"font-weight: 400;\">Met <\/span><b>dekking T Mobile netwerk<\/b><span style=\"font-weight: 400;\">, <\/span><b>t mobile USA dekking<\/b><span style=\"font-weight: 400;\"> en <\/span><b>dekking AT&amp;T USA<\/b><span style=\"font-weight: 400;\"> bent u verzekerd van toegang tot het beste dat de Amerikaanse netwerken te bieden hebben. Zowel <\/span><b>4G T Mobile dekking<\/b><span style=\"font-weight: 400;\"> als <\/span><b>5G dekking T Mobile<\/b><span style=\"font-weight: 400;\"> zijn beschikbaar, afhankelijk van uw toestel en locatie. Onze simkaarten schakelen slim tussen netwerken, zodat u altijd profiteert van optimale snelheid en betrouwbaarheid.<\/span><\/p>\n<p>[\/et_pb_text][\/et_pb_column][et_pb_column type=&#8221;1_2&#8243; _builder_version=&#8221;4.27.4&#8243; _module_preset=&#8221;default&#8221; global_colors_info=&#8221;{}&#8221;][et_pb_text _builder_version=&#8221;4.27.4&#8243; _module_preset=&#8221;default&#8221; global_colors_info=&#8221;{}&#8221;]<\/p>\n<h2>Waarom Dekking Belangrijk is voor Reizigers<\/h2>\n<p><span style=\"font-weight: 400;\">Goede dekking is cruciaal tijdens uw reis:<\/span><\/p>\n<ul>\n<li style=\"font-weight: 400;\" aria-level=\"1\"><span style=\"font-weight: 400;\">Voor toegang tot online kaarten en navigatie.<\/span><span style=\"font-weight: 400;\">\n<p><\/span><\/li>\n<li style=\"font-weight: 400;\" aria-level=\"1\"><span style=\"font-weight: 400;\">Om eenvoudig contact te houden met familie of collega\u2019s.<\/span><span style=\"font-weight: 400;\">\n<p><\/span><\/li>\n<li style=\"font-weight: 400;\" aria-level=\"1\"><span style=\"font-weight: 400;\">Voor het streamen en delen van uw reiservaringen.<\/span><span style=\"font-weight: 400;\">\n<p><\/span><\/li>\n<li style=\"font-weight: 400;\" aria-level=\"1\"><span style=\"font-weight: 400;\">Om zorgeloos te kunnen werken tijdens zakenreizen.<\/span><span style=\"font-weight: 400;\">\n<p><\/span><\/li>\n<\/ul>\n<p><span style=\"font-weight: 400;\">Met een betrouwbare <\/span><b>T-Mobile dekkingskaart<\/b><span style=\"font-weight: 400;\"> en ondersteuning van AT&amp;T en Verizon hoeft u zich nooit zorgen te maken over bereik.<\/span><\/p>\n<p>[\/et_pb_text][\/et_pb_column][\/et_pb_row][\/et_pb_section][et_pb_section fb_built=&#8221;1&#8243; _builder_version=&#8221;4.27.4&#8243; _module_preset=&#8221;default&#8221; global_colors_info=&#8221;{}&#8221;][et_pb_row column_structure=&#8221;1_2,1_2&#8243; _builder_version=&#8221;4.27.4&#8243; _module_preset=&#8221;default&#8221; global_colors_info=&#8221;{}&#8221;][et_pb_column type=&#8221;1_2&#8243; _builder_version=&#8221;4.27.4&#8243; _module_preset=&#8221;default&#8221; global_colors_info=&#8221;{}&#8221;][et_pb_text _builder_version=&#8221;4.27.4&#8243; _module_preset=&#8221;default&#8221; global_colors_info=&#8221;{}&#8221;]<\/p>\n<h2>eSIM &amp; Fysieke SIM \u2013 Uw keuze<\/h2>\n<p><span style=\"font-weight: 400;\">Of u nu kiest voor de moderne <\/span><b>eSIM<\/b><span style=\"font-weight: 400;\"> of liever een traditionele fysieke SIM-kaart gebruikt, wij bieden beide opties. De eSIM is ideaal om vooraf te activeren, zodat u direct bij aankomst in de VS online bent. Wilt u flexibiliteit? Dan kunt u ook een fysieke kaart kiezen, die dezelfde <\/span><b>netwerk dekking T Mobile<\/b><span style=\"font-weight: 400;\"> en AT&amp;T biedt.<\/span><\/p>\n<p>[\/et_pb_text][\/et_pb_column][et_pb_column type=&#8221;1_2&#8243; _builder_version=&#8221;4.27.4&#8243; _module_preset=&#8221;default&#8221; global_colors_info=&#8221;{}&#8221;][et_pb_image src=&#8221;https:\/\/usasim.net\/wp-content\/uploads\/2025\/09\/Dekking-t-mobile-usa-eSIM-Fysieke-SIM.png&#8221; alt=&#8221;Dekking t mobile usa: eSIM &#038; Fysieke SIM&#8221; title_text=&#8221;Dekking t mobile usa eSIM &#038; Fysieke SIM&#8221; force_fullwidth=&#8221;on&#8221; _builder_version=&#8221;4.27.4&#8243; _module_preset=&#8221;default&#8221; min_height=&#8221;100px&#8221; max_height=&#8221;239px&#8221; global_colors_info=&#8221;{}&#8221;][\/et_pb_image][\/et_pb_column][\/et_pb_row][\/et_pb_section][et_pb_section fb_built=&#8221;1&#8243; _builder_version=&#8221;4.27.4&#8243; _module_preset=&#8221;default&#8221; global_colors_info=&#8221;{}&#8221;][et_pb_row _builder_version=&#8221;4.27.4&#8243; _module_preset=&#8221;default&#8221; global_colors_info=&#8221;{}&#8221;][et_pb_column type=&#8221;4_4&#8243; _builder_version=&#8221;4.27.4&#8243; _module_preset=&#8221;default&#8221; global_colors_info=&#8221;{}&#8221;][et_pb_heading title=&#8221;Waarom Zou u voor USASIM Kiezen voor uw Dekking?&#8221; _builder_version=&#8221;4.27.4&#8243; _module_preset=&#8221;default&#8221; title_level=&#8221;h2&#8243; title_text_align=&#8221;center&#8221; global_colors_info=&#8221;{}&#8221;][\/et_pb_heading][\/et_pb_column][\/et_pb_row][et_pb_row _builder_version=&#8221;4.27.4&#8243; _module_preset=&#8221;default&#8221; global_colors_info=&#8221;{}&#8221;][et_pb_column type=&#8221;4_4&#8243; _builder_version=&#8221;4.27.4&#8243; _module_preset=&#8221;default&#8221; global_colors_info=&#8221;{}&#8221;][et_pb_text _builder_version=&#8221;4.27.4&#8243; _module_preset=&#8221;default&#8221; hover_enabled=&#8221;0&#8243; global_colors_info=&#8221;{}&#8221; sticky_enabled=&#8221;0&#8243;]<\/p>\n<ul>\n<li style=\"font-weight: 400;\" aria-level=\"1\"><span style=\"font-weight: 400;\">Toegang tot betrouwbare netwerken zoals T-Mobile, AT&amp;T en Verizon.<\/span><span style=\"font-weight: 400;\"><\/span><\/li>\n<li style=\"font-weight: 400;\" aria-level=\"1\"><span style=\"font-weight: 400;\">Uitstekende <\/span><b>t mobile dekking USA<\/b><span style=\"font-weight: 400;\"> en landelijke dekking in alle staten.<\/span><span style=\"font-weight: 400;\"><\/span><\/li>\n<li style=\"font-weight: 400;\" aria-level=\"1\"><span style=\"font-weight: 400;\">Flexibele bundels voor zowel toeristen als zakenreizigers.<\/span><span style=\"font-weight: 400;\"><\/span><\/li>\n<li style=\"font-weight: 400;\" aria-level=\"1\"><span style=\"font-weight: 400;\"><span style=\"text-decoration: underline;\"><a href=\"https:\/\/usasim.net\/klantenservice\/\" target=\"_blank\" rel=\"noopener\">Directe klantenservice<\/a><\/span> en ondersteuning bij activatie.<\/span><span style=\"font-weight: 400;\"><\/span><\/li>\n<li style=\"font-weight: 400;\" aria-level=\"1\"><span style=\"font-weight: 400;\">Transparante prijzen, geen verborgen kosten.<\/span><\/li>\n<\/ul>\n<p>&nbsp;<\/p>\n<p><b>Wilt u tijdens uw reis in de VS altijd verbonden blijven? Kies vandaag nog uw eSIM of fysieke SIM bij USASIM en ervaar betrouwbare dekking, waar u ook gaat!<\/b><\/p>\n<p>[\/et_pb_text][\/et_pb_column][\/et_pb_row][\/et_pb_section]<\/p>\n","protected":false},"excerpt":{"rendered":"<p>Simkaart &amp; eSIM Amerika Netwerks Dekking: T-Mobile, en MooreReist u naar de Verenigde Staten en wilt u altijd verbonden blijven? Bij USASIM bieden wij betrouwbare eSIM en fysieke SIM-kaarten met uitstekende t mobile dekking, dekking AT&amp;T USA en de kracht van het Verizon-netwerk. Zo bent u verzekerd van stabiele verbindingen, of u nu steden bezoekt [&hellip;]<\/p>\n","protected":false},"author":1286,"featured_media":0,"parent":0,"menu_order":0,"comment_status":"closed","ping_status":"closed","template":"","meta":{"_et_pb_use_builder":"on","_et_pb_old_content":"","_et_gb_content_width":"","footnotes":""},"class_list":["post-16175","page","type-page","status-publish","hentry"],"yoast_head":"<!-- This site is optimized with the Yoast SEO plugin v27.2 - https:\/\/yoast.com\/product\/yoast-seo-wordpress\/ -->\n<title>Simkaart Amerika Netwerks Dekking: T-Mobile, AT&amp;T, &amp; Verizon<\/title>\n<meta name=\"description\" content=\"Ontdek USASIM Amerika Netwerks dekking met simkaart &amp; eSIM. Altijd betrouwbare verbinding via T-Mobile, AT&amp;T en Verizon voor reizigers in heel de VS\" \/>\n<meta name=\"robots\" content=\"index, follow, max-snippet:-1, max-image-preview:large, max-video-preview:-1\" \/>\n<link rel=\"canonical\" href=\"https:\/\/usasim.net\/de\/abdeckung\/\" \/>\n<meta property=\"og:locale\" content=\"de_DE\" \/>\n<meta property=\"og:type\" content=\"article\" \/>\n<meta property=\"og:title\" content=\"Simkaart Amerika Netwerks Dekking: T-Mobile, AT&amp;T, &amp; Verizon\" \/>\n<meta property=\"og:description\" content=\"Ontdek USASIM Amerika Netwerks dekking met simkaart &amp; eSIM. Altijd betrouwbare verbinding via T-Mobile, AT&amp;T en Verizon voor reizigers in heel de VS\" \/>\n<meta property=\"og:url\" content=\"https:\/\/usasim.net\/de\/abdeckung\/\" \/>\n<meta property=\"og:site_name\" content=\"USA SIM\" \/>\n<meta property=\"article:publisher\" content=\"https:\/\/www.facebook.com\/usasim.net\" \/>\n<meta property=\"article:modified_time\" content=\"2026-01-16T15:07:22+00:00\" \/>\n<meta property=\"og:image\" content=\"https:\/\/usasim.net\/wp-content\/uploads\/2017\/07\/usasim_facebook.jpg\" \/>\n\t<meta property=\"og:image:width\" content=\"1200\" \/>\n\t<meta property=\"og:image:height\" content=\"630\" \/>\n\t<meta property=\"og:image:type\" content=\"image\/jpeg\" \/>\n<meta name=\"twitter:card\" content=\"summary_large_image\" \/>\n<script type=\"application\/ld+json\" class=\"yoast-schema-graph\">{\"@context\":\"https:\/\/schema.org\",\"@graph\":[{\"@type\":\"WebPage\",\"@id\":\"https:\/\/usasim.net\/dekking\/\",\"url\":\"https:\/\/usasim.net\/dekking\/\",\"name\":\"Simkaart Amerika Netwerks Dekking: T-Mobile, AT&T, & Verizon\",\"isPartOf\":{\"@id\":\"https:\/\/usasim.net\/#website\"},\"datePublished\":\"2025-09-08T23:47:37+00:00\",\"dateModified\":\"2026-01-16T15:07:22+00:00\",\"description\":\"Ontdek USASIM Amerika Netwerks dekking met simkaart & eSIM. Altijd betrouwbare verbinding via T-Mobile, AT&T en Verizon voor reizigers in heel de VS\",\"breadcrumb\":{\"@id\":\"https:\/\/usasim.net\/dekking\/#breadcrumb\"},\"inLanguage\":\"de\",\"potentialAction\":[{\"@type\":\"ReadAction\",\"target\":[\"https:\/\/usasim.net\/dekking\/\"]}]},{\"@type\":\"BreadcrumbList\",\"@id\":\"https:\/\/usasim.net\/dekking\/#breadcrumb\",\"itemListElement\":[{\"@type\":\"ListItem\",\"position\":1,\"name\":\"Home\",\"item\":\"https:\/\/usasim.net\/\"},{\"@type\":\"ListItem\",\"position\":2,\"name\":\"Dekking\"}]},{\"@type\":\"WebSite\",\"@id\":\"https:\/\/usasim.net\/#website\",\"url\":\"https:\/\/usasim.net\/\",\"name\":\"USA SIM\",\"description\":\"Amerikaanse simkaart\",\"potentialAction\":[{\"@type\":\"SearchAction\",\"target\":{\"@type\":\"EntryPoint\",\"urlTemplate\":\"https:\/\/usasim.net\/?s={search_term_string}\"},\"query-input\":{\"@type\":\"PropertyValueSpecification\",\"valueRequired\":true,\"valueName\":\"search_term_string\"}}],\"inLanguage\":\"de\"}]}<\/script>\n<!-- \/ Yoast SEO plugin. -->","yoast_head_json":{"title":"Simcard America Netzabdeckung: T-Mobile, AT&amp;T, &amp; Verizon","description":"Entdecken Sie die Netzabdeckung von USASIM America mit SIM-Karte &amp; eSIM. Immer zuverl\u00e4ssige Verbindung \u00fcber T-Mobile, AT&amp;T und Verizon f\u00fcr Reisende in den USA","robots":{"index":"index","follow":"follow","max-snippet":"max-snippet:-1","max-image-preview":"max-image-preview:large","max-video-preview":"max-video-preview:-1"},"canonical":"https:\/\/usasim.net\/de\/abdeckung\/","og_locale":"de_DE","og_type":"article","og_title":"Simkaart Amerika Netwerks Dekking: T-Mobile, AT&T, & Verizon","og_description":"Ontdek USASIM Amerika Netwerks dekking met simkaart & eSIM. Altijd betrouwbare verbinding via T-Mobile, AT&T en Verizon voor reizigers in heel de VS","og_url":"https:\/\/usasim.net\/de\/abdeckung\/","og_site_name":"USA SIM","article_publisher":"https:\/\/www.facebook.com\/usasim.net","article_modified_time":"2026-01-16T15:07:22+00:00","og_image":[{"width":1200,"height":630,"url":"https:\/\/usasim.net\/wp-content\/uploads\/2017\/07\/usasim_facebook.jpg","type":"image\/jpeg"}],"twitter_card":"summary_large_image","schema":{"@context":"https:\/\/schema.org","@graph":[{"@type":"WebPage","@id":"https:\/\/usasim.net\/dekking\/","url":"https:\/\/usasim.net\/dekking\/","name":"Simcard America Netzabdeckung: T-Mobile, AT&amp;T, &amp; Verizon","isPartOf":{"@id":"https:\/\/usasim.net\/#website"},"datePublished":"2025-09-08T23:47:37+00:00","dateModified":"2026-01-16T15:07:22+00:00","description":"Entdecken Sie die Netzabdeckung von USASIM America mit SIM-Karte &amp; eSIM. Immer zuverl\u00e4ssige Verbindung \u00fcber T-Mobile, AT&amp;T und Verizon f\u00fcr Reisende in den USA","breadcrumb":{"@id":"https:\/\/usasim.net\/dekking\/#breadcrumb"},"inLanguage":"de","potentialAction":[{"@type":"ReadAction","target":["https:\/\/usasim.net\/dekking\/"]}]},{"@type":"BreadcrumbList","@id":"https:\/\/usasim.net\/dekking\/#breadcrumb","itemListElement":[{"@type":"ListItem","position":1,"name":"Home","item":"https:\/\/usasim.net\/"},{"@type":"ListItem","position":2,"name":"Dekking"}]},{"@type":"WebSite","@id":"https:\/\/usasim.net\/#website","url":"https:\/\/usasim.net\/","name":"USA SIM","description":"Amerikanische SIM-Karte","potentialAction":[{"@type":"SearchAction","target":{"@type":"EntryPoint","urlTemplate":"https:\/\/usasim.net\/?s={search_term_string}"},"query-input":{"@type":"PropertyValueSpecification","valueRequired":true,"valueName":"search_term_string"}}],"inLanguage":"de"}]}},"_links":{"self":[{"href":"https:\/\/usasim.net\/de\/wp-json\/wp\/v2\/pages\/16175","targetHints":{"allow":["GET"]}}],"collection":[{"href":"https:\/\/usasim.net\/de\/wp-json\/wp\/v2\/pages"}],"about":[{"href":"https:\/\/usasim.net\/de\/wp-json\/wp\/v2\/types\/page"}],"author":[{"embeddable":true,"href":"https:\/\/usasim.net\/de\/wp-json\/wp\/v2\/users\/1286"}],"replies":[{"embeddable":true,"href":"https:\/\/usasim.net\/de\/wp-json\/wp\/v2\/comments?post=16175"}],"version-history":[{"count":13,"href":"https:\/\/usasim.net\/de\/wp-json\/wp\/v2\/pages\/16175\/revisions"}],"predecessor-version":[{"id":16257,"href":"https:\/\/usasim.net\/de\/wp-json\/wp\/v2\/pages\/16175\/revisions\/16257"}],"wp:attachment":[{"href":"https:\/\/usasim.net\/de\/wp-json\/wp\/v2\/media?parent=16175"}],"curies":[{"name":"wp","href":"https:\/\/api.w.org\/{rel}","templated":true}]}}