{"id":16162,"date":"2025-09-09T00:15:00","date_gmt":"2025-09-08T22:15:00","guid":{"rendered":"https:\/\/usasim.net\/?page_id=16162"},"modified":"2026-01-16T16:07:22","modified_gmt":"2026-01-16T15:07:22","slug":"kundenbetreuung","status":"publish","type":"page","link":"https:\/\/usasim.net\/de\/kundenbetreuung\/","title":{"rendered":"Kundenbetreuung"},"content":{"rendered":"<p>[et_pb_section fb_built=&#8221;1&#8243; custom_padding_last_edited=&#8221;on|desktop&#8221; admin_label=&#8221;section&#8221; _builder_version=&#8221;4.16&#8243; background_color=&#8221;#205faa&#8221; custom_padding_tablet=&#8221;50px|0|50px|0&#8243; custom_padding_phone=&#8221;&#8221; transparent_background=&#8221;off&#8221; padding_mobile=&#8221;off&#8221; make_fullwidth=&#8221;off&#8221; use_custom_width=&#8221;off&#8221; width_unit=&#8221;on&#8221; locked=&#8221;off&#8221; global_colors_info=&#8221;{}&#8221;][et_pb_row column_structure=&#8221;1_2,1_2&#8243; admin_label=&#8221;row&#8221; _builder_version=&#8221;4.16&#8243; global_colors_info=&#8221;{}&#8221;][et_pb_column type=&#8221;1_2&#8243; _builder_version=&#8221;4.16&#8243; custom_padding=&#8221;|||&#8221; global_colors_info=&#8221;{}&#8221; custom_padding__hover=&#8221;|||&#8221;][et_pb_text _builder_version=&#8221;4.27.4&#8243; text_font=&#8221;Montserrat|on|||&#8221; text_text_color=&#8221;#ffffff&#8221; text_font_size=&#8221;40&#8243; text_line_height=&#8221;1.2em&#8221; header_text_color=&#8221;#FFFFFF&#8221; background_size=&#8221;initial&#8221; background_position=&#8221;top_left&#8221; background_repeat=&#8221;repeat&#8221; text_font_size_tablet=&#8221;35&#8243; text_font_size_phone=&#8221;32&#8243; text_font_size_last_edited=&#8221;on|phone&#8221; use_border_color=&#8221;off&#8221; border_color=&#8221;#ffffff&#8221; border_style=&#8221;solid&#8221; global_colors_info=&#8221;{}&#8221;]<\/p>\n<h1><strong>Klantenservice Voor E-SIM Onbeperkt internet en Simkaart<\/strong><\/h1>\n<p>[\/et_pb_text][et_pb_text _builder_version=&#8221;4.27.4&#8243; text_text_color=&#8221;#ffffff&#8221; text_font_size=&#8221;20&#8243; background_size=&#8221;initial&#8221; background_position=&#8221;top_left&#8221; background_repeat=&#8221;repeat&#8221; hover_enabled=&#8221;0&#8243; use_border_color=&#8221;off&#8221; border_color=&#8221;#ffffff&#8221; border_style=&#8221;solid&#8221; global_colors_info=&#8221;{}&#8221; link_text_color=&#8221;#FFFFFF&#8221; sticky_enabled=&#8221;0&#8243;]<\/p>\n<p><span style=\"font-weight: 400;\">Bij USASIM.NET staan wij altijd klaar om onze klanten te helpen. Of je nu kiest voor een <\/span><b>fysieke simkaart<\/b><span style=\"font-weight: 400;\"> of een <\/span><span style=\"text-decoration: underline;\"><a href=\"https:\/\/usasim.net\/esim-usa\/\" target=\"_blank\" rel=\"noopener\"><b>e-sim met onbeperkt internet<\/b><\/a><\/span><span style=\"font-weight: 400;\">, Met esim verenigde staten, <\/span><span style=\"font-weight: 400;\">\u00a0<\/span><span style=\"font-weight: 400;\">onze klantenservice zorgt ervoor dat je probleemloos verbonden blijft. Wij begrijpen dat goede ondersteuning het verschil maakt, vooral wanneer je onderweg bent.<\/span><\/p>\n<p>[\/et_pb_text][et_pb_button button_url=&#8221;https:\/\/usasim.net\/contact\/&#8221; url_new_window=&#8221;on&#8221; button_text=&#8221;KIES JE USA eSIM BUNDEL&#8221; button_alignment=&#8221;left&#8221; _builder_version=&#8221;4.27.4&#8243; custom_button=&#8221;on&#8221; button_text_size=&#8221;17&#8243; button_text_color=&#8221;#ffffff&#8221; button_bg_color=&#8221;#dd2c26&#8243; button_border_color=&#8221;#dd2c26&#8243; button_font=&#8221;Montserrat||||&#8221; background_layout=&#8221;dark&#8221; locked=&#8221;off&#8221; global_colors_info=&#8221;{}&#8221; button_text_size__hover_enabled=&#8221;off&#8221; button_text_size__hover=&#8221;null&#8221; button_one_text_size__hover_enabled=&#8221;off&#8221; button_one_text_size__hover=&#8221;null&#8221; button_two_text_size__hover_enabled=&#8221;off&#8221; button_two_text_size__hover=&#8221;null&#8221; button_text_color__hover_enabled=&#8221;off&#8221; button_text_color__hover=&#8221;null&#8221; button_one_text_color__hover_enabled=&#8221;off&#8221; button_one_text_color__hover=&#8221;null&#8221; button_two_text_color__hover_enabled=&#8221;off&#8221; button_two_text_color__hover=&#8221;null&#8221; button_border_width__hover_enabled=&#8221;off&#8221; button_border_width__hover=&#8221;null&#8221; button_one_border_width__hover_enabled=&#8221;off&#8221; button_one_border_width__hover=&#8221;null&#8221; button_two_border_width__hover_enabled=&#8221;off&#8221; button_two_border_width__hover=&#8221;null&#8221; button_border_color__hover_enabled=&#8221;off&#8221; button_border_color__hover=&#8221;null&#8221; button_one_border_color__hover_enabled=&#8221;off&#8221; button_one_border_color__hover=&#8221;null&#8221; button_two_border_color__hover_enabled=&#8221;off&#8221; button_two_border_color__hover=&#8221;null&#8221; button_border_radius__hover_enabled=&#8221;off&#8221; button_border_radius__hover=&#8221;null&#8221; button_one_border_radius__hover_enabled=&#8221;off&#8221; button_one_border_radius__hover=&#8221;null&#8221; button_two_border_radius__hover_enabled=&#8221;off&#8221; button_two_border_radius__hover=&#8221;null&#8221; button_letter_spacing__hover_enabled=&#8221;off&#8221; button_letter_spacing__hover=&#8221;null&#8221; button_one_letter_spacing__hover_enabled=&#8221;off&#8221; button_one_letter_spacing__hover=&#8221;null&#8221; button_two_letter_spacing__hover_enabled=&#8221;off&#8221; button_two_letter_spacing__hover=&#8221;null&#8221; button_bg_color__hover_enabled=&#8221;off&#8221; button_bg_color__hover=&#8221;null&#8221; button_one_bg_color__hover_enabled=&#8221;off&#8221; button_one_bg_color__hover=&#8221;null&#8221; button_two_bg_color__hover_enabled=&#8221;off&#8221; button_two_bg_color__hover=&#8221;null&#8221;][\/et_pb_button][\/et_pb_column][et_pb_column type=&#8221;1_2&#8243; _builder_version=&#8221;4.27.4&#8243; _module_preset=&#8221;default&#8221; global_colors_info=&#8221;{}&#8221;][et_pb_image src=&#8221;https:\/\/usasim.net\/wp-content\/uploads\/2025\/09\/USA-SIM-Klantenservice.png&#8221; alt=&#8221;USA SIM Klantenservice&#8221; title_text=&#8221;USA SIM Klantenservice&#8221; _builder_version=&#8221;4.27.4&#8243; _module_preset=&#8221;default&#8221; global_colors_info=&#8221;{}&#8221;][\/et_pb_image][\/et_pb_column][\/et_pb_row][\/et_pb_section][et_pb_section fb_built=&#8221;1&#8243; _builder_version=&#8221;4.27.4&#8243; _module_preset=&#8221;default&#8221; min_height=&#8221;359.9px&#8221; global_colors_info=&#8221;{}&#8221;][et_pb_row _builder_version=&#8221;4.27.4&#8243; _module_preset=&#8221;default&#8221; global_colors_info=&#8221;{}&#8221;][et_pb_column type=&#8221;4_4&#8243; _builder_version=&#8221;4.27.4&#8243; _module_preset=&#8221;default&#8221; global_colors_info=&#8221;{}&#8221;][et_pb_heading title=&#8221;Onze Klantenservice&#8221; _builder_version=&#8221;4.27.4&#8243; _module_preset=&#8221;default&#8221; title_level=&#8221;h2&#8243; title_text_align=&#8221;center&#8221; global_colors_info=&#8221;{}&#8221;][\/et_pb_heading][\/et_pb_column][\/et_pb_row][et_pb_row _builder_version=&#8221;4.27.4&#8243; _module_preset=&#8221;default&#8221; global_colors_info=&#8221;{}&#8221;][et_pb_column type=&#8221;4_4&#8243; _builder_version=&#8221;4.27.4&#8243; _module_preset=&#8221;default&#8221; global_colors_info=&#8221;{}&#8221;][et_pb_text _builder_version=&#8221;4.27.4&#8243; _module_preset=&#8221;default&#8221; hover_enabled=&#8221;0&#8243; global_colors_info=&#8221;{}&#8221; sticky_enabled=&#8221;0&#8243;]<\/p>\n<p><span style=\"font-weight: 400;\">Onze service is ontworpen om jouw ervaring zo eenvoudig mogelijk te maken:<\/span><\/p>\n<ul>\n<li style=\"font-weight: 400;\" aria-level=\"1\"><b>Snelle levering<\/b><span style=\"font-weight: 400;\"> \u2013 Bestel je simkaart of eSIM en ontvang deze op tijd voor je reis.<\/span><span style=\"font-weight: 400;\"><\/span><\/li>\n<li style=\"font-weight: 400;\" aria-level=\"1\"><b>Ondersteuning bij installatie<\/b><span style=\"font-weight: 400;\"> \u2013 Van <\/span><b>t mobile esim aanvragen<\/b><span style=\"font-weight: 400;\"> tot het activeren van een fysieke simkaart, wij begeleiden je stap voor stap.<\/span><span style=\"font-weight: 400;\"><\/span><\/li>\n<li style=\"font-weight: 400;\" aria-level=\"1\"><b>Technische hulp<\/b><span style=\"font-weight: 400;\"> \u2013 Mocht je problemen ervaren zoals <\/span><b>esim t mobile werkt niet<\/b><span style=\"font-weight: 400;\">, dan biedt ons supportteam direct oplossingen.<\/span><span style=\"font-weight: 400;\"><\/span><\/li>\n<li style=\"font-weight: 400;\" aria-level=\"1\"><b>Dekking op topnetwerken<\/b><span style=\"font-weight: 400;\"> \u2013 Wij werken samen met <\/span><b>T-Mobile, AT&amp;T en Verizon<\/b><span style=\"font-weight: 400;\">, zodat je altijd profiteert van betrouwbare verbindingen.<\/span><span style=\"font-weight: 400;\"><\/span><\/li>\n<\/ul>\n<p><b>Betaalbare opties<\/b><span style=\"font-weight: 400;\"> \u2013 Voor iedere reiziger bieden wij een <\/span><b>goedkoop sim kaart<\/b><span style=\"font-weight: 400;\"> of <span style=\"text-decoration: underline;\"><a href=\"https:\/\/usasim.net\/prepaidsim-usa\/\" target=\"_blank\" rel=\"noopener\">een <\/a><\/span><\/span><span style=\"text-decoration: underline;\"><a href=\"https:\/\/usasim.net\/prepaidsim-usa\/\" target=\"_blank\" rel=\"noopener\"><b>betaalbaar sim kaart<\/b><\/a><\/span><span style=\"font-weight: 400;\"> alternatief.<\/span><span style=\"font-weight: 400;\"><br \/><\/span><\/p>\n<p>[\/et_pb_text][\/et_pb_column][\/et_pb_row][\/et_pb_section][et_pb_section fb_built=&#8221;1&#8243; _builder_version=&#8221;4.27.4&#8243; _module_preset=&#8221;default&#8221; global_colors_info=&#8221;{}&#8221;][et_pb_row column_structure=&#8221;1_2,1_2&#8243; _builder_version=&#8221;4.27.4&#8243; _module_preset=&#8221;default&#8221; global_colors_info=&#8221;{}&#8221;][et_pb_column type=&#8221;1_2&#8243; _builder_version=&#8221;4.27.4&#8243; _module_preset=&#8221;default&#8221; global_colors_info=&#8221;{}&#8221;][et_pb_text _builder_version=&#8221;4.27.4&#8243; _module_preset=&#8221;default&#8221; global_colors_info=&#8221;{}&#8221;]<\/p>\n<h2>Hoe wij je helpen<\/h2>\n<p><span style=\"font-weight: 400;\">Onze klantenservice is bereikbaar via e-mail en chat, zodat je altijd ondersteuning krijgt wanneer je die nodig hebt. Wij bieden duidelijke handleidingen, eenvoudige activeringsstappen en persoonlijke hulp bij alle vragen.<\/span><\/p>\n<p>[\/et_pb_text][\/et_pb_column][et_pb_column type=&#8221;1_2&#8243; _builder_version=&#8221;4.27.4&#8243; _module_preset=&#8221;default&#8221; global_colors_info=&#8221;{}&#8221;][et_pb_image src=&#8221;https:\/\/usasim.net\/wp-content\/uploads\/2025\/09\/esim-werkt-niet-t-mobile.png&#8221; alt=&#8221;esim werkt niet t-mobile?&#8221; title_text=&#8221;esim werkt niet t-mobile&#8221; _builder_version=&#8221;4.27.4&#8243; _module_preset=&#8221;default&#8221; width=&#8221;100%&#8221; min_height=&#8221;71px&#8221; height=&#8221;232px&#8221; custom_padding=&#8221;|0px||||&#8221; global_colors_info=&#8221;{}&#8221;][\/et_pb_image][\/et_pb_column][\/et_pb_row][\/et_pb_section][et_pb_section fb_built=&#8221;1&#8243; _builder_version=&#8221;4.27.4&#8243; _module_preset=&#8221;default&#8221; global_colors_info=&#8221;{}&#8221;][et_pb_row _builder_version=&#8221;4.27.4&#8243; _module_preset=&#8221;default&#8221; global_colors_info=&#8221;{}&#8221;][et_pb_column type=&#8221;4_4&#8243; _builder_version=&#8221;4.27.4&#8243; _module_preset=&#8221;default&#8221; global_colors_info=&#8221;{}&#8221;][et_pb_heading title=&#8221;Veelgestelde Vragen&#8221; _builder_version=&#8221;4.27.4&#8243; _module_preset=&#8221;default&#8221; title_level=&#8221;h2&#8243; title_text_align=&#8221;center&#8221; global_colors_info=&#8221;{}&#8221;][\/et_pb_heading][\/et_pb_column][\/et_pb_row][et_pb_row _builder_version=&#8221;4.27.4&#8243; _module_preset=&#8221;default&#8221; global_colors_info=&#8221;{}&#8221;][et_pb_column type=&#8221;4_4&#8243; _builder_version=&#8221;4.27.4&#8243; _module_preset=&#8221;default&#8221; global_colors_info=&#8221;{}&#8221;][et_pb_accordion _builder_version=&#8221;4.27.4&#8243; _module_preset=&#8221;default&#8221; global_colors_info=&#8221;{}&#8221;][et_pb_accordion_item title=&#8221;Wanneer ontvang ik mijn eSIM?&#8221; open=&#8221;on&#8221; _builder_version=&#8221;4.27.4&#8243; _module_preset=&#8221;default&#8221; global_colors_info=&#8221;{}&#8221;]<\/p>\n<p><span style=\"font-weight: 400;\">Na je bestelling sturen wij de eSIM direct via e-mail. Je kunt deze meestal binnen enkele minuten activeren.<\/span><\/p>\n<p>[\/et_pb_accordion_item][et_pb_accordion_item title=&#8221;Hoe activeer ik mijn eSIM?&#8221; _builder_version=&#8221;4.27.4&#8243; _module_preset=&#8221;default&#8221; global_colors_info=&#8221;{}&#8221; open=&#8221;off&#8221;]<\/p>\n<p><span style=\"font-weight: 400;\">Je ontvangt een QR-code met instructies. Scan de code, volg de stappen en je bent meteen verbonden.<\/span><\/p>\n<p>[\/et_pb_accordion_item][et_pb_accordion_item title=&#8221;Wat als ik technische problemen ervaar?&#8221; _builder_version=&#8221;4.27.4&#8243; _module_preset=&#8221;default&#8221; global_colors_info=&#8221;{}&#8221; open=&#8221;off&#8221;]<\/p>\n<p><span style=\"font-weight: 400;\">Neem direct contact op met onze klantenservice. Problemen zoals <\/span><i><span style=\"font-weight: 400;\">esim t mobile werkt niet<\/span><\/i><span style=\"font-weight: 400;\"> lossen wij meestal snel voor je op.<\/span><\/p>\n<p>[\/et_pb_accordion_item][et_pb_accordion_item title=&#8221;Hoe vraag ik een T-Mobile eSIM aan?&#8221; _builder_version=&#8221;4.27.4&#8243; _module_preset=&#8221;default&#8221; global_colors_info=&#8221;{}&#8221; open=&#8221;off&#8221;]<\/p>\n<p><span style=\"font-weight: 400;\">Via onze website kun je eenvoudig <\/span><b>t mobile esim aanvragen<\/b><span style=\"font-weight: 400;\">. Na je aanvraag ontvang je direct de gegevens om je eSIM te activeren.<\/span><\/p>\n<p>[\/et_pb_accordion_item][et_pb_accordion_item title=&#8221;Ondersteunen jullie ook fysieke simkaarten?&#8221; _builder_version=&#8221;4.27.4&#8243; _module_preset=&#8221;default&#8221; global_colors_info=&#8221;{}&#8221; open=&#8221;off&#8221;]<\/p>\n<p><span style=\"font-weight: 400;\">Ja, naast eSIMs leveren wij ook fysieke simkaarten voor reizigers die liever een traditionele simkaart gebruiken.<\/span><\/p>\n<p>[\/et_pb_accordion_item][et_pb_accordion_item title=&#8221;Welke netwerken ondersteunen jullie?&#8221; _builder_version=&#8221;4.27.4&#8243; _module_preset=&#8221;default&#8221; global_colors_info=&#8221;{}&#8221; open=&#8221;off&#8221;]<\/p>\n<p><span style=\"font-weight: 400;\">\u00a0Wij bieden toegang tot T-Mobile, AT&amp;T en Verizon in de VS \u2013 drie van de grootste en meest betrouwbare netwerken.<\/span><\/p>\n<p>[\/et_pb_accordion_item][et_pb_accordion_item title=&#8221;Zijn jullie simkaarten en eSIMs onbeperkt?&#8221; _builder_version=&#8221;4.27.4&#8243; _module_preset=&#8221;default&#8221; global_colors_info=&#8221;{}&#8221; open=&#8221;off&#8221;]<\/p>\n<p><span style=\"font-weight: 400;\">\u00a0Ja, wij bieden zowel eSIM als fysieke simkaart opties met onbeperkt internet, ideaal voor reizen in de Verenigde Staten.<\/span><\/p>\n<p>[\/et_pb_accordion_item][et_pb_accordion_item title=&#8221;Wat moet ik doen als mijn eSIM niet werkt in de VS?&#8221; _builder_version=&#8221;4.27.4&#8243; _module_preset=&#8221;default&#8221; global_colors_info=&#8221;{}&#8221; open=&#8221;off&#8221;]<\/p>\n<p><span style=\"font-weight: 400;\">\u00a0Controleer eerst of je toestel geschikt is voor eSIM en of roaming aanstaat. Werkt het nog steeds niet, dan helpt onze klantenservice je direct verder.<\/span><\/p>\n<p>[\/et_pb_accordion_item][et_pb_accordion_item title=&#8221;Bieden jullie ook een e-sim prepaid aan?&#8221; _builder_version=&#8221;4.27.4&#8243; _module_preset=&#8221;default&#8221; global_colors_info=&#8221;{}&#8221; open=&#8221;off&#8221;]<\/p>\n<p><span style=\"font-weight: 400;\">Ja, wij bieden een handige <\/span><b>e-sim prepaid<\/b><span style=\"font-weight: 400;\"> optie waarmee je direct online kunt activeren zonder fysieke levering.<\/span><\/p>\n<p>[\/et_pb_accordion_item][\/et_pb_accordion][\/et_pb_column][\/et_pb_row][\/et_pb_section]<\/p>\n","protected":false},"excerpt":{"rendered":"<p>Klantenservice Voor E-SIM Onbeperkt internet en SimkaartBij USASIM.NET staan wij altijd klaar om onze klanten te helpen. Of je nu kiest voor een fysieke simkaart of een e-sim met onbeperkt internet, Met esim verenigde staten, \u00a0onze klantenservice zorgt ervoor dat je probleemloos verbonden blijft. Wij begrijpen dat goede ondersteuning het verschil maakt, vooral wanneer je [&hellip;]<\/p>\n","protected":false},"author":1286,"featured_media":0,"parent":0,"menu_order":0,"comment_status":"closed","ping_status":"closed","template":"","meta":{"_et_pb_use_builder":"on","_et_pb_old_content":"","_et_gb_content_width":"","footnotes":""},"class_list":["post-16162","page","type-page","status-publish","hentry"],"yoast_head":"<!-- This site is optimized with the Yoast SEO plugin v27.2 - https:\/\/yoast.com\/product\/yoast-seo-wordpress\/ -->\n<title>Klantenservice USASIM: E-SIM Onbeperkt Internet en simkaart<\/title>\n<meta name=\"description\" content=\"USASIM klantenservice: support voor t mobile esim aanvragen, oplossingen als esim t mobile werkt niet en hulp bij e-sim prepaid op Verizon &amp; AT&amp;T\" \/>\n<meta name=\"robots\" content=\"index, follow, max-snippet:-1, max-image-preview:large, max-video-preview:-1\" \/>\n<link rel=\"canonical\" href=\"https:\/\/usasim.net\/de\/kundenbetreuung\/\" \/>\n<meta property=\"og:locale\" content=\"de_DE\" \/>\n<meta property=\"og:type\" content=\"article\" \/>\n<meta property=\"og:title\" content=\"Klantenservice USASIM: E-SIM Onbeperkt Internet en simkaart\" \/>\n<meta property=\"og:description\" content=\"USASIM klantenservice: support voor t mobile esim aanvragen, oplossingen als esim t mobile werkt niet en hulp bij e-sim prepaid op Verizon &amp; AT&amp;T\" \/>\n<meta property=\"og:url\" content=\"https:\/\/usasim.net\/de\/kundenbetreuung\/\" \/>\n<meta property=\"og:site_name\" content=\"USA SIM\" \/>\n<meta property=\"article:publisher\" content=\"https:\/\/www.facebook.com\/usasim.net\" \/>\n<meta property=\"article:modified_time\" content=\"2026-01-16T15:07:22+00:00\" \/>\n<meta property=\"og:image\" content=\"https:\/\/usasim.net\/wp-content\/uploads\/2017\/07\/usasim_facebook.jpg\" \/>\n\t<meta property=\"og:image:width\" content=\"1200\" \/>\n\t<meta property=\"og:image:height\" content=\"630\" \/>\n\t<meta property=\"og:image:type\" content=\"image\/jpeg\" \/>\n<meta name=\"twitter:card\" content=\"summary_large_image\" \/>\n<script type=\"application\/ld+json\" class=\"yoast-schema-graph\">{\"@context\":\"https:\/\/schema.org\",\"@graph\":[{\"@type\":\"WebPage\",\"@id\":\"https:\/\/usasim.net\/klantenservice\/\",\"url\":\"https:\/\/usasim.net\/klantenservice\/\",\"name\":\"Klantenservice USASIM: E-SIM Onbeperkt Internet en simkaart\",\"isPartOf\":{\"@id\":\"https:\/\/usasim.net\/#website\"},\"datePublished\":\"2025-09-08T22:15:00+00:00\",\"dateModified\":\"2026-01-16T15:07:22+00:00\",\"description\":\"USASIM klantenservice: support voor t mobile esim aanvragen, oplossingen als esim t mobile werkt niet en hulp bij e-sim prepaid op Verizon & AT&T\",\"breadcrumb\":{\"@id\":\"https:\/\/usasim.net\/klantenservice\/#breadcrumb\"},\"inLanguage\":\"de\",\"potentialAction\":[{\"@type\":\"ReadAction\",\"target\":[\"https:\/\/usasim.net\/klantenservice\/\"]}]},{\"@type\":\"BreadcrumbList\",\"@id\":\"https:\/\/usasim.net\/klantenservice\/#breadcrumb\",\"itemListElement\":[{\"@type\":\"ListItem\",\"position\":1,\"name\":\"Home\",\"item\":\"https:\/\/usasim.net\/\"},{\"@type\":\"ListItem\",\"position\":2,\"name\":\"Klantenservice\"}]},{\"@type\":\"WebSite\",\"@id\":\"https:\/\/usasim.net\/#website\",\"url\":\"https:\/\/usasim.net\/\",\"name\":\"USA SIM\",\"description\":\"Amerikaanse simkaart\",\"potentialAction\":[{\"@type\":\"SearchAction\",\"target\":{\"@type\":\"EntryPoint\",\"urlTemplate\":\"https:\/\/usasim.net\/?s={search_term_string}\"},\"query-input\":{\"@type\":\"PropertyValueSpecification\",\"valueRequired\":true,\"valueName\":\"search_term_string\"}}],\"inLanguage\":\"de\"}]}<\/script>\n<!-- \/ Yoast SEO plugin. -->","yoast_head_json":{"title":"Kundenservice USASIM: E-SIM Unbegrenztes Internet und SIM-Karte","description":"USASIM-Kundendienst: Unterst\u00fctzung f\u00fcr t mobile esim-Anfragen, L\u00f6sungen, wenn esim t mobile nicht funktioniert, und Hilfe bei e-sim prepaid auf Verizon &amp; AT&amp;T","robots":{"index":"index","follow":"follow","max-snippet":"max-snippet:-1","max-image-preview":"max-image-preview:large","max-video-preview":"max-video-preview:-1"},"canonical":"https:\/\/usasim.net\/de\/kundenbetreuung\/","og_locale":"de_DE","og_type":"article","og_title":"Klantenservice USASIM: E-SIM Onbeperkt Internet en simkaart","og_description":"USASIM klantenservice: support voor t mobile esim aanvragen, oplossingen als esim t mobile werkt niet en hulp bij e-sim prepaid op Verizon & AT&T","og_url":"https:\/\/usasim.net\/de\/kundenbetreuung\/","og_site_name":"USA SIM","article_publisher":"https:\/\/www.facebook.com\/usasim.net","article_modified_time":"2026-01-16T15:07:22+00:00","og_image":[{"width":1200,"height":630,"url":"https:\/\/usasim.net\/wp-content\/uploads\/2017\/07\/usasim_facebook.jpg","type":"image\/jpeg"}],"twitter_card":"summary_large_image","schema":{"@context":"https:\/\/schema.org","@graph":[{"@type":"WebPage","@id":"https:\/\/usasim.net\/klantenservice\/","url":"https:\/\/usasim.net\/klantenservice\/","name":"Kundenservice USASIM: E-SIM Unbegrenztes Internet und SIM-Karte","isPartOf":{"@id":"https:\/\/usasim.net\/#website"},"datePublished":"2025-09-08T22:15:00+00:00","dateModified":"2026-01-16T15:07:22+00:00","description":"USASIM-Kundendienst: Unterst\u00fctzung f\u00fcr t mobile esim-Anfragen, L\u00f6sungen, wenn esim t mobile nicht funktioniert, und Hilfe bei e-sim prepaid auf Verizon &amp; AT&amp;T","breadcrumb":{"@id":"https:\/\/usasim.net\/klantenservice\/#breadcrumb"},"inLanguage":"de","potentialAction":[{"@type":"ReadAction","target":["https:\/\/usasim.net\/klantenservice\/"]}]},{"@type":"BreadcrumbList","@id":"https:\/\/usasim.net\/klantenservice\/#breadcrumb","itemListElement":[{"@type":"ListItem","position":1,"name":"Home","item":"https:\/\/usasim.net\/"},{"@type":"ListItem","position":2,"name":"Klantenservice"}]},{"@type":"WebSite","@id":"https:\/\/usasim.net\/#website","url":"https:\/\/usasim.net\/","name":"USA SIM","description":"Amerikanische SIM-Karte","potentialAction":[{"@type":"SearchAction","target":{"@type":"EntryPoint","urlTemplate":"https:\/\/usasim.net\/?s={search_term_string}"},"query-input":{"@type":"PropertyValueSpecification","valueRequired":true,"valueName":"search_term_string"}}],"inLanguage":"de"}]}},"_links":{"self":[{"href":"https:\/\/usasim.net\/de\/wp-json\/wp\/v2\/pages\/16162","targetHints":{"allow":["GET"]}}],"collection":[{"href":"https:\/\/usasim.net\/de\/wp-json\/wp\/v2\/pages"}],"about":[{"href":"https:\/\/usasim.net\/de\/wp-json\/wp\/v2\/types\/page"}],"author":[{"embeddable":true,"href":"https:\/\/usasim.net\/de\/wp-json\/wp\/v2\/users\/1286"}],"replies":[{"embeddable":true,"href":"https:\/\/usasim.net\/de\/wp-json\/wp\/v2\/comments?post=16162"}],"version-history":[{"count":11,"href":"https:\/\/usasim.net\/de\/wp-json\/wp\/v2\/pages\/16162\/revisions"}],"predecessor-version":[{"id":16256,"href":"https:\/\/usasim.net\/de\/wp-json\/wp\/v2\/pages\/16162\/revisions\/16256"}],"wp:attachment":[{"href":"https:\/\/usasim.net\/de\/wp-json\/wp\/v2\/media?parent=16162"}],"curies":[{"name":"wp","href":"https:\/\/api.w.org\/{rel}","templated":true}]}}